{"id":404,"date":"2026-03-19T13:33:37","date_gmt":"2026-03-19T13:33:37","guid":{"rendered":"https:\/\/pwent.lionstackailab.hu\/?post_type=product&#038;p=404"},"modified":"2026-03-19T13:34:22","modified_gmt":"2026-03-19T13:34:22","slug":"rcp-270-gazpalack-kulso-tisztitogep","status":"publish","type":"product","link":"https:\/\/pwent.lionstackailab.hu\/de\/termek\/rcp-270-gazpalack-kulso-tisztitogep\/","title":{"rendered":"RCP 270 g\u00e1zpalack k\u00fcls\u0151 tiszt\u00edt\u00f3g\u00e9p"},"content":{"rendered":"<p>G\u00e1zpalack \u00e1ll\u00e1s: 1. Elektromost teljes\u00edtm\u00e9ny \u00a01 kW.\u00a0Maxim\u00e1lis kapacit\u00e1s: (m3\/h): 2500. A g\u00e9p z\u00e1rt \u00e1llapotban 2 vagy 4 dr\u00f3tkoronggal automatikusan letiszt\u00edtja a g\u00e1zpalackot. Ha az ajt\u00f3 nyitva van, akkor a tiszt\u00edt\u00f3kef\u00e9k deakt\u00edv\u00e1l\u00f3dnak s a g\u00e1zpalack forog \u00a0a tengelye k\u00f6r\u00fcl. Ekkor fest\u0151hengert vagy ecsetet haszn\u00e1lva \u00a0k\u00f6rnyezetbar\u00e1tm\u00f3don a g\u00e1zpalack lefesthet\u0151. \u00a0Az RCP270-el a telejes tiszt\u00edt\u00e1si m\u0171velet a g\u00e9p belsej\u00e9ben zajlik. A kabin z\u00e1rt \u00e9s hangszigetelt el\u0151seg\u00edtve a munkahely tiszt\u00e1n \u00e9s zajmentesen tart\u00e1s\u00e1ban. Az kef\u00e9k indul\u00f3poz\u00edci\u00f3ja \u00e1ll\u00edthat\u00f3, s ezzel ak\u00e1r csak a nyak tiszt\u00edt\u00e1sa is elv\u00e9gezhet\u0151, mikor fontos a nyakon l\u00e9v\u0151 adatok olvashat\u00f3s\u00e1ga, vagy csak a g\u00e1zpalack nyaksz\u00edne v\u00e1ltozik meg. A g\u00e9phez kieg\u00e9sz\u00edt\u0151 rendelhet\u0151, amely elsz\u00edv\u00e1st biztos\u00edt a por, r\u00e9gi fest\u00e9k, \u00a0c\u00edmk\u00e9k gy\u0171jt\u00e9s\u00e9re<\/p>\n<hr \/>\n<p><strong>Let\u00f6lthet\u0151 anyagok<\/strong><\/p>\n<ul>\n<li><a href=\"https:\/\/pwent.eu\/wp-content\/uploads\/2016\/05\/RCP_external_cleaning.pdf\" rel=\"\">RCP_sorozat RCP 270 g\u00e1zpalack k\u00fcls\u0151 tiszt\u00edt\u00f3 egys\u00e9g<\/a><\/li>\n<\/ul>","protected":false},"excerpt":{"rendered":"<p>Az RCP-270 tiszt\u00edt\u00f3 automata dr\u00f3tkef\u00e9s egys\u00e9g\u00e9vel elt\u00e1vol\u00edtja a r\u00e9gi fest\u00e9ket \u00e9s m\u0171anyag c\u00edmk\u00e9ket a t\u0171zolt\u00f3k\u00e9sz\u00fcl\u00e9kekr\u0151l \u00e9s g\u00e1zpalackokr\u00f3l. Ak\u00e1r a telejs palacktestre vagy a csak a g\u00e1zpalack nyak\u00e1ra<\/p>","protected":false},"featured_media":488,"template":"","meta":[],"product_brand":[],"product_cat":[133,32,121,36,33,31],"product_tag":[],"class_list":{"0":"post-404","1":"product","2":"type-product","3":"status-publish","4":"has-post-thumbnail","6":"product_cat-gazpalack-kulso-festese-feluletkezeles","7":"product_cat-gazpalack-nyomasproba-es-felujitas","8":"product_cat-gazpalackok-kulso-tisztitasa","9":"product_cat-muhely-porralolto-keszulek-karbantartasahoz","10":"product_cat-muhely-szendioxiddal-olto-keszulekhez","11":"product_cat-termekek","13":"first","14":"instock","15":"shipping-taxable","16":"purchasable","17":"product-type-simple"},"_links":{"self":[{"href":"https:\/\/pwent.lionstackailab.hu\/de\/wp-json\/wp\/v2\/product\/404","targetHints":{"allow":["GET"]}}],"collection":[{"href":"https:\/\/pwent.lionstackailab.hu\/de\/wp-json\/wp\/v2\/product"}],"about":[{"href":"https:\/\/pwent.lionstackailab.hu\/de\/wp-json\/wp\/v2\/types\/product"}],"wp:featuredmedia":[{"embeddable":true,"href":"https:\/\/pwent.lionstackailab.hu\/de\/wp-json\/wp\/v2\/media\/488"}],"wp:attachment":[{"href":"https:\/\/pwent.lionstackailab.hu\/de\/wp-json\/wp\/v2\/media?parent=404"}],"wp:term":[{"taxonomy":"product_brand","embeddable":true,"href":"https:\/\/pwent.lionstackailab.hu\/de\/wp-json\/wp\/v2\/product_brand?post=404"},{"taxonomy":"product_cat","embeddable":true,"href":"https:\/\/pwent.lionstackailab.hu\/de\/wp-json\/wp\/v2\/product_cat?post=404"},{"taxonomy":"product_tag","embeddable":true,"href":"https:\/\/pwent.lionstackailab.hu\/de\/wp-json\/wp\/v2\/product_tag?post=404"}],"curies":[{"name":"wp","href":"https:\/\/api.w.org\/{rel}","templated":true}]}}