{"id":403,"date":"2026-03-19T13:33:37","date_gmt":"2026-03-19T13:33:37","guid":{"rendered":"https:\/\/pwent.lionstackailab.hu\/?post_type=product&#038;p=403"},"modified":"2026-03-19T13:34:19","modified_gmt":"2026-03-19T13:34:19","slug":"air4-pneumatikus-satu","status":"publish","type":"product","link":"https:\/\/pwent.lionstackailab.hu\/de\/termek\/air4-pneumatikus-satu\/","title":{"rendered":"AIR4 pneumatikus satu"},"content":{"rendered":"<p>Falra szerelhet\u0151, nagy erej\u0171, pneumatikus satu, 70-320 mm \u00e1tm\u00e9r\u0151h\u00f6z.\u00a0G\u00e1zpalackok, porral-olt\u00f3 \u00e9s sz\u00e9ndioxiddal olt\u00f3 t\u0171zolt\u00f3k\u00e9sz\u00fcl\u00e9kek biztons\u00e1gos karbantart\u00e1s\u00e1hoz. Sz\u00fcks\u00e9ges leveg\u0151nyom\u00e1s: \u00a010 bar. Sz\u00e1ll\u00edt\u00e1si param\u00e9terek: 1000 X 400 X 700 mm, S\u00faly: 52 kg.<\/p>\n<hr \/>\n<h3><strong>Let\u00f6lthet\u0151 anyagok<\/strong><\/h3>\n<ul>\n<li><a href=\"https:\/\/pwent.eu\/wp-content\/uploads\/2016\/05\/AIR_pneumatic_vices-1.pdf\" rel=\"\">Air sorozat pnemutatikus g\u00e1zpalack befog\u00f3 satuk<\/a><\/li>\n<\/ul>\n<p>&nbsp;<\/p>","protected":false},"excerpt":{"rendered":"<p>Falra szerelhet\u0151, nagy erej\u0171, pneumatikus satu, 70-320 mm \u00e1tm\u00e9r\u0151h\u00f6z.\u00a0G\u00e1zpalackok, porral-olt\u00f3 \u00e9s sz\u00e9ndioxiddal olt\u00f3 t\u0171zolt\u00f3k\u00e9sz\u00fcl\u00e9kek biztons\u00e1gos karbantart\u00e1s\u00e1hoz<\/p>","protected":false},"featured_media":487,"template":"","meta":[],"product_brand":[],"product_cat":[32,36,33,34,31],"product_tag":[96,35],"class_list":{"0":"post-403","1":"product","2":"type-product","3":"status-publish","4":"has-post-thumbnail","6":"product_cat-gazpalack-nyomasproba-es-felujitas","7":"product_cat-muhely-porralolto-keszulek-karbantartasahoz","8":"product_cat-muhely-szendioxiddal-olto-keszulekhez","9":"product_cat-szelepszereles","10":"product_cat-termekek","11":"product_tag-satu","12":"product_tag-szelepeles","14":"first","15":"instock","16":"shipping-taxable","17":"purchasable","18":"product-type-simple"},"_links":{"self":[{"href":"https:\/\/pwent.lionstackailab.hu\/de\/wp-json\/wp\/v2\/product\/403","targetHints":{"allow":["GET"]}}],"collection":[{"href":"https:\/\/pwent.lionstackailab.hu\/de\/wp-json\/wp\/v2\/product"}],"about":[{"href":"https:\/\/pwent.lionstackailab.hu\/de\/wp-json\/wp\/v2\/types\/product"}],"wp:featuredmedia":[{"embeddable":true,"href":"https:\/\/pwent.lionstackailab.hu\/de\/wp-json\/wp\/v2\/media\/487"}],"wp:attachment":[{"href":"https:\/\/pwent.lionstackailab.hu\/de\/wp-json\/wp\/v2\/media?parent=403"}],"wp:term":[{"taxonomy":"product_brand","embeddable":true,"href":"https:\/\/pwent.lionstackailab.hu\/de\/wp-json\/wp\/v2\/product_brand?post=403"},{"taxonomy":"product_cat","embeddable":true,"href":"https:\/\/pwent.lionstackailab.hu\/de\/wp-json\/wp\/v2\/product_cat?post=403"},{"taxonomy":"product_tag","embeddable":true,"href":"https:\/\/pwent.lionstackailab.hu\/de\/wp-json\/wp\/v2\/product_tag?post=403"}],"curies":[{"name":"wp","href":"https:\/\/api.w.org\/{rel}","templated":true}]}}