{"id":401,"date":"2026-03-19T13:33:37","date_gmt":"2026-03-19T13:33:37","guid":{"rendered":"https:\/\/pwent.lionstackailab.hu\/?post_type=product&#038;p=401"},"modified":"2026-03-19T13:34:18","modified_gmt":"2026-03-19T13:34:18","slug":"air5-pneumatikus-satu","status":"publish","type":"product","link":"https:\/\/pwent.lionstackailab.hu\/de\/termek\/air5-pneumatikus-satu\/","title":{"rendered":"AIR5 pneumatikus satu"},"content":{"rendered":"<p>\u00c1llv\u00e1nyos, nagy erej\u0171, pneumatikus satu, 70-320 mm \u00e1tm\u00e9r\u0151h\u00f6z.\u00a0G\u00e1zpalackok, porral-olt\u00f3 \u00e9s sz\u00e9ndioxiddal olt\u00f3 t\u0171zolt\u00f3k\u00e9sz\u00fcl\u00e9kek biztons\u00e1gos karbantart\u00e1s\u00e1hoz. Sz\u00fcks\u00e9ges leveg\u0151nyom\u00e1s: \u00a010 bar. Sz\u00e1ll\u00edt\u00e1si param\u00e9terek: 1000 X 700 X 1300 mm, S\u00faly: 140 kg.<a name=\"TOC-19\"><\/a><\/p>\n<hr \/>\n<h3>\u00a0Let\u00f6lthet\u0151 anyagok<\/h3>\n<ul>\n<li>\u00a0<a href=\"http:\/\/pwent.eu\/wp-content\/uploads\/2016\/05\/AIR_pneumatic_vices-1.pdf\" rel=\"\">Air sorozat air 5 pnemutatikus k\u00e9sz\u00fcl\u00e9k<\/a><\/li>\n<\/ul>","protected":false},"excerpt":{"rendered":"<p>\u00c1llv\u00e1nyos, nagy erej\u0171, pneumatikus satu, 70-320 mm \u00e1tm\u00e9r\u0151h\u00f6z.\u00a0G\u00e1zpalackok, porral-olt\u00f3 \u00e9s sz\u00e9ndioxiddal olt\u00f3 t\u0171zolt\u00f3k\u00e9sz\u00fcl\u00e9kek biztons\u00e1gos karbantart\u00e1s\u00e1hoz<\/p>","protected":false},"featured_media":485,"template":"","meta":[],"product_brand":[],"product_cat":[32,34,31],"product_tag":[35],"class_list":{"0":"post-401","1":"product","2":"type-product","3":"status-publish","4":"has-post-thumbnail","6":"product_cat-gazpalack-nyomasproba-es-felujitas","7":"product_cat-szelepszereles","8":"product_cat-termekek","9":"product_tag-szelepeles","11":"first","12":"instock","13":"shipping-taxable","14":"purchasable","15":"product-type-simple"},"_links":{"self":[{"href":"https:\/\/pwent.lionstackailab.hu\/de\/wp-json\/wp\/v2\/product\/401","targetHints":{"allow":["GET"]}}],"collection":[{"href":"https:\/\/pwent.lionstackailab.hu\/de\/wp-json\/wp\/v2\/product"}],"about":[{"href":"https:\/\/pwent.lionstackailab.hu\/de\/wp-json\/wp\/v2\/types\/product"}],"wp:featuredmedia":[{"embeddable":true,"href":"https:\/\/pwent.lionstackailab.hu\/de\/wp-json\/wp\/v2\/media\/485"}],"wp:attachment":[{"href":"https:\/\/pwent.lionstackailab.hu\/de\/wp-json\/wp\/v2\/media?parent=401"}],"wp:term":[{"taxonomy":"product_brand","embeddable":true,"href":"https:\/\/pwent.lionstackailab.hu\/de\/wp-json\/wp\/v2\/product_brand?post=401"},{"taxonomy":"product_cat","embeddable":true,"href":"https:\/\/pwent.lionstackailab.hu\/de\/wp-json\/wp\/v2\/product_cat?post=401"},{"taxonomy":"product_tag","embeddable":true,"href":"https:\/\/pwent.lionstackailab.hu\/de\/wp-json\/wp\/v2\/product_tag?post=401"}],"curies":[{"name":"wp","href":"https:\/\/api.w.org\/{rel}","templated":true}]}}