{"id":400,"date":"2026-03-19T13:33:37","date_gmt":"2026-03-19T13:33:37","guid":{"rendered":"https:\/\/pwent.lionstackailab.hu\/?post_type=product&#038;p=400"},"modified":"2026-03-19T13:34:17","modified_gmt":"2026-03-19T13:34:17","slug":"totem-galaxy-ii-nato-engedelyezett-portolto-es-porvisszanyero-gep-specialis-tartalyok-reszere","status":"publish","type":"product","link":"https:\/\/pwent.lionstackailab.hu\/de\/termek\/totem-galaxy-ii-nato-engedelyezett-portolto-es-porvisszanyero-gep-specialis-tartalyok-reszere\/","title":{"rendered":"TOTEM GALAXY II, NATO enged\u00e9lyezett port\u00f6lt\u0151 \u00e9s porvisszanyer\u0151 g\u00e9p speci\u00e1lis tart\u00e1lyok r\u00e9sz\u00e9re"},"content":{"rendered":"<p style=\"line-height: 18.0pt;\"><span style=\"font-family: 'Georgia','serif'; color: #333333; background: white;\">NATO elv\u00e1r\u00e1sok szerint tervezett g\u00e9p. A g\u00e9p speci\u00e1lisan telep\u00edtett portart\u00e1lyok karbantart\u00e1s\u00e1hoz k\u00e9sz\u00fclt. <\/span><span style=\"font-family: 'Georgia','serif'; color: #333333; background: white;\">Ide\u00e1lis rept\u00e9ri\u00a0<\/span><span style=\"font-family: Georgia, serif; line-height: 18pt;\">olt\u00f3eszk\u00f6z\u00f6k, t\u0171zolt\u00f3aut\u00f3k telep\u00edtett tart\u00e1lyainak karbantart\u00e1s\u00e1hoz. Nem csak hordozhat\u00f3 porolt\u00f3kn\u00e1l de ak\u00e1r fixen ak\u00e1r t\u0171zolt\u00f3aut\u00f3ra telep\u00edtett portart\u00e1lyokn\u00e1l is haszn\u00e1lhat\u00f3.<\/span><\/p>\n<hr \/>\n<h3><strong>Let\u00f6lthet\u0151 anyagok<\/strong><\/h3>\n<ul>\n<li><a href=\"https:\/\/pwent.eu\/wp-content\/uploads\/2016\/05\/Totem-Galaxy_II.pdf\" rel=\"\">Totem Galaxy_II be\u00e9p\u00edtett nagy tart\u00e1lyokhoz<\/a><\/li>\n<\/ul>","protected":false},"excerpt":{"rendered":"<p style=\"line-height: 18.0pt;\"><span style=\"font-family: 'Georgia','serif'; color: #333333; background: white;\">NATO elv\u00e1r\u00e1sok szerint tervezett g\u00e9p. A g\u00e9p speci\u00e1lisan telep\u00edtett portart\u00e1lyok karbantart\u00e1s\u00e1hoz k\u00e9sz\u00fclt. <\/span><span style=\"font-family: 'Georgia','serif'; color: #333333; background: white;\">Ide\u00e1lis rept\u00e9ri\u00a0<\/span><span style=\"font-family: Georgia, serif; line-height: 18pt;\">olt\u00f3eszk\u00f6z\u00f6k, t\u0171zolt\u00f3aut\u00f3k telep\u00edtett tart\u00e1lyainak karbantart\u00e1s\u00e1hoz. Nem csak hordozhat\u00f3 porolt\u00f3kn\u00e1l de ak\u00e1r fixen ak\u00e1r t\u0171zolt\u00f3aut\u00f3ra telep\u00edtett portart\u00e1lyokn\u00e1l is haszn\u00e1lhat\u00f3.<\/span><\/p>","protected":false},"featured_media":484,"template":"","meta":[],"product_brand":[],"product_cat":[36,79,31],"product_tag":[86,129,130,131,132],"class_list":{"0":"post-400","1":"product","2":"type-product","3":"status-publish","4":"has-post-thumbnail","6":"product_cat-muhely-porralolto-keszulek-karbantartasahoz","7":"product_cat-portoltes-es-porvisszanyeres","8":"product_cat-termekek","9":"product_tag-galaxy","10":"product_tag-nato","11":"product_tag-portartaly","12":"product_tag-repter","13":"product_tag-specialis","15":"first","16":"instock","17":"shipping-taxable","18":"purchasable","19":"product-type-simple"},"_links":{"self":[{"href":"https:\/\/pwent.lionstackailab.hu\/de\/wp-json\/wp\/v2\/product\/400","targetHints":{"allow":["GET"]}}],"collection":[{"href":"https:\/\/pwent.lionstackailab.hu\/de\/wp-json\/wp\/v2\/product"}],"about":[{"href":"https:\/\/pwent.lionstackailab.hu\/de\/wp-json\/wp\/v2\/types\/product"}],"wp:featuredmedia":[{"embeddable":true,"href":"https:\/\/pwent.lionstackailab.hu\/de\/wp-json\/wp\/v2\/media\/484"}],"wp:attachment":[{"href":"https:\/\/pwent.lionstackailab.hu\/de\/wp-json\/wp\/v2\/media?parent=400"}],"wp:term":[{"taxonomy":"product_brand","embeddable":true,"href":"https:\/\/pwent.lionstackailab.hu\/de\/wp-json\/wp\/v2\/product_brand?post=400"},{"taxonomy":"product_cat","embeddable":true,"href":"https:\/\/pwent.lionstackailab.hu\/de\/wp-json\/wp\/v2\/product_cat?post=400"},{"taxonomy":"product_tag","embeddable":true,"href":"https:\/\/pwent.lionstackailab.hu\/de\/wp-json\/wp\/v2\/product_tag?post=400"}],"curies":[{"name":"wp","href":"https:\/\/api.w.org\/{rel}","templated":true}]}}