{"id":397,"date":"2026-03-19T13:33:37","date_gmt":"2026-03-19T13:33:37","guid":{"rendered":"https:\/\/pwent.lionstackailab.hu\/?post_type=product&#038;p=397"},"modified":"2026-03-19T13:34:08","modified_gmt":"2026-03-19T13:34:08","slug":"cst-300-horizontalis-gorgos-soretezogep","status":"publish","type":"product","link":"https:\/\/pwent.lionstackailab.hu\/de\/termek\/cst-300-horizontalis-gorgos-soretezogep\/","title":{"rendered":"CST-300 horizont\u00e1lis g\u00f6rg\u0151s s\u00f6r\u00e9tez\u0151g\u00e9p"},"content":{"rendered":"<p>A CST\u2010300\u00a0\u00a0tip. szemcse sz\u00f3r\u00f3g\u00e9p\u00a0\u00a0els\u0151sorban cs\u00f6vek, palackok, hengerek k\u00fcls\u0151\u00a0fel\u00fclet\u00e9nek,<strong>\u00a0<\/strong><strong><u>folyamatos<\/u> r\u00e9v\u00e9tlen\u00edt\u00e9s\u00e9re, <\/strong><strong>fel\u00fclet<\/strong><strong>\u2010<\/strong><strong>tiszt<\/strong><strong>\u00ed<\/strong><strong>t<\/strong><strong>\u00e1<\/strong><strong>s<\/strong><strong>\u00e1<\/strong><strong>ra alkalmas<\/strong>.<\/p>\n<h2>M\u0171szaki le\u00edr\u00e1s<\/h2>\n<div>\n<p>A CST -300 t\u00edpus\u00fa szemcsesz\u00f3r\u00f3 berendez\u00e9s speci\u00e1lisan cs\u00f6vek, hengeres tart\u00e1lyok k\u00fcls\u0151 fel\u00fclet\u00e9nek \u00e9s egy\u00e9b hengeres testek szemcsesz\u00f3r\u00e1s\u00e1ra alkalmas szemcsesz\u00f3r\u00f3 g\u00e9p. \u00a0Jelen esetben a berendez\u00e9st 100-270 mm \u00e1tm\u00e9r\u0151j\u0171 maz 1700 mm hossz\u00fa g\u00e1zpalackok szemcsesz\u00f3r\u00e1s\u00e1ra aj\u00e1nljuk.<\/p>\n<p>A berendez\u00e9s 2 db ABR-D 400 t\u00edpus\u00fa sz\u00f3r\u00f3fejjel rendelkezik. A sz\u00f3r\u00f3fej a g\u00f6rg\u0151p\u00e1lya s\u00edkja felett helyezkedik el. Sz\u00f3r\u00e1s a halad\u00e1si ir\u00e1nnyal p\u00e1rhuzamos s\u00edkban t\u00f6rt\u00e9nik. A sz\u00f3r\u00f3fej axi\u00e1lis ir\u00e1ny\u00fa, gravit\u00e1ci\u00f3s sz\u00f3r\u00f3anyag hozz\u00e1vezet\u00e9s\u0171, el\u0151gyors\u00edt\u00f3val szerelt nyolclap\u00e1tos konstrukci\u00f3, pontos sz\u00f3r\u00f3anyag-sug\u00e1r be\u00e1ll\u00edt\u00e1si lehet\u0151s\u00e9ggel. A g\u00e9p akt\u00edv z\u00f3n\u00e1ba es\u0151 fel\u00fcletei nagy kop\u00e1s \u00e1ll\u00f3s\u00e1g\u00fa mang\u00e1nac\u00e9l b\u00e9l\u00e9ssel szereltek. A g\u00e9ph\u00e1z be-\u00e9s kij\u00e1rati ny\u00edl\u00e1s\u00e1ra szerelt gumif\u00fcgg\u00f6ny\u00f6k megakad\u00e1lyozz\u00e1k a sz\u00f3r\u00f3anyag kipattogz\u00e1s\u00e1t. A sz\u00f3r\u00f3anyag z\u00e1rt \u00e9s folyamatos cirkul\u00e1ci\u00f3j\u00e1t sz\u00e1ll\u00edt\u00f3csiga, serleges elev\u00e1tor, sz\u00f3r\u00f3anyag tiszt\u00edt\u00f3 egys\u00e9g \u00e9s adagol\u00f3 biztos\u00edtj\u00e1k. A munkadarab a tiszt\u00edt\u00e1si m\u0171velet alatt egyenes vonal\u00fa halad\u00f3 \u00e9s saj\u00e1t tengelye k\u00f6r\u00fcli forg\u00f3mozg\u00e1st v\u00e9gez egyidej\u0171leg. Ez a speci\u00e1lis diabolikus g\u00f6rg\u0151p\u00e1lya seg\u00edts\u00e9g\u00e9vel val\u00f3sul meg. A g\u00f6rg\u0151p\u00e1lya minden g\u00f6rg\u0151je hajtott.\u00a0A berendez\u00e9s porelsz\u00edv\u00f3- \u00e9s lev\u00e1laszt\u00f3 rendszere horganyzott ac\u00e9lcs\u00f6vekb\u0151l, formaelemekb\u0151l, elsz\u00edv\u00f3 ventill\u00e1torb\u00f3l \u00e9s patronos porlev\u00e1laszt\u00f3b\u00f3l \u00e9p\u00fcl fel. A berendez\u00e9s teljes elsz\u00edv\u00e1s ig\u00e9nye 5000 m3\/\u00f3ra 2000 Pa nyom\u00e1sk\u00fcl\u00f6nbs\u00e9g mellett. A poremisszi\u00f3 a k\u00f6rnyezetv\u00e9delmi norm\u00e1kat kiel\u00e9g\u00edti. Poremisszi\u00f3 max. 3 mg\/m3 A g\u00e9p minden funkci\u00f3ja k\u00f6zponti vez\u00e9rl\u0151szekr\u00e9nyb\u0151l ir\u00e1ny\u00edthat\u00f3. Norm\u00e1l \u00fczemm\u00f3d (automatikus \u00fczem) mellett &#8211; szerviz c\u00e9lokra- k\u00e9zi vez\u00e9rl\u00e9si lehet\u0151s\u00e9g is rendelkez\u00e9sre \u00e1ll.<\/p>\n<\/div>\n<div><\/div>\n<h3>Biztons\u00e1gtechnikai elemek<\/h3>\n<div>\n<p>Az \u00e9ksz\u00edjak \u00e9s a l\u00e1nchajt\u00e1sok hozz\u00e1f\u00e9rhetetlens\u00e9get biztos\u00edt\u00f3 burkolattal vannak ell\u00e1tva.\u00a0A g\u00e9ph\u00e1zon lev\u0151 b\u00fav\u00f3ajt\u00f3k elektromos reteszel\u00e9ssel biztos\u00edtj\u00e1k, hogy nyitott ajt\u00f3val ne lehessen ind\u00edtani a g\u00e9pet, illetve az ajt\u00f3 kinyit\u00e1sa eset\u00e9n a berendez\u00e9s azonnal le\u00e1ll.\u00a0A vez\u00e9rl\u0151szekr\u00e9nyen lev\u0151 elektromos berendez\u00e9sek z\u00e1rral biztos\u00edtottak illet\u00e9ktelen m\u0171k\u00f6dtet\u00e9s ellen.<\/p>\n<p>A berendez\u00e9sen 4 db v\u00e9szle\u00e1ll\u00edt\u00f3 gomb tal\u00e1lhat\u00f3, b\u00e1rmelyik megnyom\u00e1s\u00e1val a berendez\u00e9s azonnal le\u00e1ll. A berendez\u00e9s nem tud sz\u00f3rni porelsz\u00edv\u00e1s m\u0171k\u00f6d\u00e9se n\u00e9lk\u00fcl.\u00a0A g\u00e9ph\u00e1zzal egybe\u00e9p\u00edtett zsilipek a be- \u00e9s kij\u00e1rati oldalon megakad\u00e1lyozz\u00e1k a sz\u00f3r\u00f3anyag kipattogz\u00e1s\u00e1t.\u00a0A berendez\u00e9s minden egys\u00e9ge be van k\u00f6tve a vezet\u00e9kes \u00e9rint\u00e9sv\u00e9delmi rendszerbe.\u00a0A t\u00e1pk\u00e1belek t\u00f6mszelenc\u00e9n v\u00e9d\u0151cs\u0151ben vannak a motorokhoz vezetve.<br \/>\nA berendez\u00e9s villamos egys\u00e9gei el vannak l\u00e1tva a sz\u00fcks\u00e9ges szabv\u00e1nyos jelz\u00e9sekkel<\/p>\n<\/div>\n<h3>A berendez\u00e9s k\u00f6rnyezetre gyakorolt hat\u00e1sa<\/h3>\n<div>\n<p><strong>A szemcsesz\u00f3r\u00f3 berendez\u00e9s zajszintje.\u00a0<\/strong>A g\u00e9p \u00e1ltal keltett zaj a g\u00e9p k\u00f6zvetlen k\u00f6zel\u00e9ben m\u00e9rve 81-85 db(A) \u00e9rt\u00e9kre v\u00e1rhat\u00f3.\u00a0A porelsz\u00edv\u00f3 \u00e9s porlev\u00e1laszt\u00f3 egys\u00e9g \u00e1ltal keltett zaj \u00e9rt\u00e9ke a zajszigetel\u00e9s \u00e9s hangcsillap\u00edt\u00e1s ut\u00e1n 70 \u00e9s 75 db(A) . A megadott \u00e9rt\u00e9kekn\u00e9l magasabb zaj v\u00e1rhat\u00f3 a patronok visszatiszt\u00edt\u00e1s\u00e1t v\u00e9gz\u0151 szelepek m\u0171k\u00f6dtet\u00e9s\u00e9n\u00e9l \u2013 ekkor az impulzus zajszint 80 db(A) \u00e9rt\u00e9k k\u00f6r\u00fcl alakul.\u00a0A berendez\u00e9s \u00e1ltal\u00e1nos zajszintje hangszigetel\u00e9ssel 80 dBA al\u00e1 vihet\u0151.<\/p>\n<p><strong>K\u00f6rnyezeti porterhel\u00e9s.\u00a0<\/strong>Az aj\u00e1nlatban le\u00edrtaknak megfelel\u0151en a porsz\u0171r\u0151 ut\u00e1n a leveg\u0151 porszennyezetts\u00e9ge 3 mg\/m3 alatt van. Ezt az eddig elv\u00e9gzett m\u00e9r\u00e9sek is igazolj\u00e1k. Az \u00f6sszes megsz\u0171rt leveg\u0151 mennyis\u00e9ge a k\u00f6rnyezetbe kivezethet\u0151 vagy a munkat\u00e9rbe visszajuttathat\u00f3. A berendez\u00e9sen a sz\u00f3r\u00e1sra haszn\u00e1latos sz\u00f3r\u00f3anyag ac\u00e9lszemcse lesz. Ez\u00e9rt a leveg\u0151 porszennyez\u0151 anyag nem tartalmaz fibrog\u00e9n anyagokat, amelyen hi\u00e1ny\u00e1ban az idevonatkoz\u00f3 \u201eMunkahelyek leveg\u0151tisztas\u00e1gi k\u00f6vetelm\u00e9nyei \u2013 Sz\u00e1ll\u00f3 porok\u201d \u2013 MSZ-21461-2:1992 szabv\u00e1ny 2. pontja \u00e9rtelm\u00e9ben a megengedhet\u0151 \u00e1tlagos koncentr\u00e1ci\u00f3ja 10 mg\/m3.<\/p>\n<\/div>\n<div><\/div>\n<h2>F\u0151 egys\u00e9gek le\u00edr\u00e1sa<\/h2>\n<div><strong>Bej\u00e1rati \u00e9s kij\u00e1rati g\u00f6rg\u0151p\u00e1lya.\u00a0<\/strong>Profilac\u00e9l v\u00e1zra \u00e9p\u00edtett diabolikus g\u00f6rg\u0151kkel szerelt sz\u00e1ll\u00edt\u00f3 p\u00e1lya. Minden g\u00f6rg\u0151 hajtott. A g\u00f6rg\u0151k oszt\u00e1sa: 185 mm. A g\u00f6rg\u0151k ferdes\u00e9gi sz\u00f6ge 45 fok. A hajt\u00e1st dupla soros l\u00e1nckerekek tov\u00e1bb\u00edtj\u00e1k egym\u00e1snak. A hajt\u00e1st ad\u00f3 elektromotoros hajt\u00f3m\u0171 fordulatsz\u00e1ma frekvenciav\u00e1lt\u00f3 seg\u00edts\u00e9g\u00e9vel fokozatmentesen \u00e1ll\u00edthat\u00f3. A kij\u00e1rati g\u00f6rg\u0151p\u00e1lya alatt egy csig\u00e1s gy\u0171jt\u0151v\u00e1ly\u00fa tal\u00e1lhat\u00f3, a rug\u00f3ban maradt sz\u00f3r\u00f3szemcse g\u00e9pbe t\u00f6rt\u00e9n\u0151 visszasz\u00e1ll\u00edt\u00e1s\u00e1ra.<\/div>\n<div><\/div>\n<div>\n<p><strong>Mang\u00e1n kop\u00e1sv\u00e9delem.\u00a0<\/strong>A sz\u00f3r\u00f3t\u00e9r teljes bels\u0151 fel\u00fclete speci\u00e1lis kop\u00e1s\u00e1ll\u00f3 mang\u00e1n lemezzel van bor\u00edtva. A mang\u00e1n lemez vastags\u00e1ga 8 mm. A kop\u00e1sv\u00e9delem hossz\u00fa ideig v\u00e9di a g\u00e9p szerkezeti egys\u00e9geit a sz\u00f3r\u00f3sug\u00e1r k\u00e1ros koptat\u00f3 hat\u00e1sait\u00f3l. Az extra kop\u00e1si \u2013 ig\u00e9nybev\u00e9telnek kitett fel\u00fcletek speci\u00e1lis \u00f6tv\u00f6z\u00f6tt ac\u00e9lb\u00f3l k\u00e9sz\u00fclt, cser\u00e9lhet\u0151 kop\u00f3lemezekkel v\u00e9dettek.\u00a0Ugyancsak speci\u00e1lis kop\u00e1s\u00e1ll\u00f3 anyagb\u00f3l k\u00e9sz\u00fclnek a g\u00e9ph\u00e1zon bel\u00fcli g\u00f6rg\u0151k is.\u00a0A 13% mang\u00e1ntartalm\u00fa ac\u00e9l jellemz\u0151 tulajdons\u00e1ga, hogy a szemcse \u00fct\u0151-koptat\u00f3 hat\u00e1s\u00e1ra a fel\u00fclete egyre kem\u00e9nyebb lesz. (Hadfield ac\u00e9l).\u00a0A mang\u00e1nac\u00e9l hegeszt\u00e9se speci\u00e1lis elektr\u00f3d\u00e1kkal t\u00f6rt\u00e9nik, amelyek az alapanyagnak megfelel\u0151 kop\u00e1sv\u00e9delmi tulajdons\u00e1gokkal rendelkeznek.<\/p>\n<p><strong>G\u00e9ph\u00e1z.<\/strong> A g\u00e9ph\u00e1z hegesztett lemezkonstrukci\u00f3, profilac\u00e9l merev\u00edt\u00e9ssel. A bels\u0151 fel\u00fclet mang\u00e1nac\u00e9l kop\u00e1sv\u00e9delemmel rendelkezik. A g\u00e9ph\u00e1z oldalfalaira eltolt s\u00edkban van felszerelve 2 db ABR &#8211; 401 tip. szemcse sz\u00f3r\u00f3fej. A sz\u00f3r\u00f3fejeket egyenk\u00e9nt 11 kW teljes\u00edtm\u00e9ny\u0171 2800 f\/perc fordulat\u00fa elektromotor hajtja n\u00e9gy \u00e9ksz\u00edjjal. Az \u00e9ksz\u00edjfesz\u00edt\u00e9s a motortart\u00f3 billent\u00e9s\u00e9vel oldhat\u00f3 meg.\u00a0A g\u00e9ph\u00e1z n\u00e9gy l\u00e1bon \u00e1ll. Alja k\u00fapos v\u00e1ly\u00fas kik\u00e9pz\u00e9s\u0171. Ebben t\u00f6rt\u00e9nik a lehullott szemcse \u00e9s nehezebb szennyez\u0151d\u00e9s \u00f6sszegy\u0171jt\u00e9se. A k\u00fapos v\u00e1ly\u00faban sz\u00e1ll\u00edt\u00f3 csiga tal\u00e1lhat\u00f3, amely a sz\u00f3r\u00f3anyagot a serleges elev\u00e1torokhoz sz\u00e1ll\u00edtja. A csigatengely a serleges elev\u00e1tor als\u00f3 dobj\u00e1r\u00f3l kapja a hajt\u00e1s\u00e1t egy merev tengelykapcsol\u00f3 seg\u00edts\u00e9g\u00e9vel..\u00a0A g\u00e9ph\u00e1zban k\u00e9pz\u0151d\u0151 por elsz\u00edv\u00e1s\u00e1ra a g\u00e9ph\u00e1zon elsz\u00edv\u00f3 csonk van kik\u00e9pezve, melyen kereszt\u00fcl a g\u00e9ph\u00e1z a komplett g\u00e9p porelsz\u00edv\u00f3 h\u00e1l\u00f3zat\u00e1ra van csatlakoztatva.<\/p>\n<p><strong>Serleges elev\u00e1tor\u00a0<\/strong>F\u0151 r\u00e9szei: als\u00f3 sz\u00e1relem, fels\u0151 sz\u00e1relem \u00e9s a fej.\u00a0Az als\u00f3 sz\u00e1relem mag\u00e1ba foglalja az elev\u00e1tor als\u00f3 dobj\u00e1t, mely egy oldalon van az elev\u00e1torsz\u00e1rhoz csap\u00e1gyazva, m\u00e1sik fele a csiga tengely\u00e9hez tengelykapcsol\u00f3val csatlakozik. Az als\u00f3 sz\u00e1relem \u00e9lhajl\u00edtott lemezb\u0151l hegesztett konstrukci\u00f3, oldal\u00e1n csatlakoz\u00f3 keretekkel a csig\u00e1hoz val\u00f3 \u00f6sszeszerel\u00e9shez\u00a0A fels\u0151 sz\u00e1relem egyszer\u0171 t\u00e9glalap keresztmetszet\u0171 \u00f6nhord\u00f3 szerkezet. Ezen tal\u00e1lhat\u00f3 a heveder szerel\u00e9s\u00e9hez sz\u00fcks\u00e9ges szerel\u0151ny\u00edl\u00e1s.\u00a0A fej a serleges elev\u00e1tor hajt\u00e1s\u00e1t biztos\u00edt\u00f3 dobb\u00f3l, l\u00e1ncfesz\u00edt\u0151 szerkezetb\u0151l \u00e9s kiad\u00f3ny\u00edl\u00e1sb\u00f3l \u00e1ll. A fej a fels\u0151 sz\u00e1rhoz csavark\u00f6t\u00e9ssel csatlakozik. A fejben lev\u0151 hajt\u00f3dob a serleges heveder hajt\u00e1s\u00e1t v\u00e9gzi, mely egy\u00fattal a heveder fesz\u00edt\u00e9s\u00e9re is szolg\u00e1l. A hajt\u00f3m\u0171ves motor l\u00e1nchajt\u00e1ssal hajtja a dobot.\u00a0A serlegek v\u00e9gtelen\u00edtett sz\u00f6vetbet\u00e9tes gumihevederre vannak csavark\u00f6t\u00e9ssel er\u0151s\u00edtve.<br \/>\nAz elev\u00e1tor oldal\u00e1ra sz\u00f3r\u00f3anyag p\u00f3ttart\u00e1ly van felszerelve. A p\u00f3ttart\u00e1ly surrant\u00f3 v\u00e1ly\u00faval \u00e9s pneumatikus m\u0171k\u00f6dtet\u00e9s\u0171 szektorz\u00e1rral csatlakozik az elev\u00e1tor als\u00f3 sz\u00e1r\u00e1hoz.\u00a0A p\u00f3ttart\u00e1ly akkor adagol plussz szemcs\u00e9t a rendszerbe, amikor a nagyobb terjedelm\u0171 munkadarabok kihordj\u00e1k a sz\u00f3r\u00f3anyagot a g\u00e9ph\u00e1zb\u00f3l \u00e9s azt a holtid\u0151t hidalj\u00e1k \u00e1t am\u00edg a szemcse visszaker\u00fcl az adagol\u00f3tart\u00e1lyba.\u00a0A p\u00f3ttart\u00e1ly m\u0171k\u00f6d\u00e9se teljesen automatikus.<\/p>\n<\/div>\n<div>\n<p><strong>Sz\u00f3r\u00f3anyag tiszt\u00edt\u00f3 (sz\u00e9lfajt\u00e1z\u00f3).<\/strong> Finomlemezb\u0151l hegesztett, sz\u00edvott rendszer\u0171 k\u00e9tl\u00e9pcs\u0151s sz\u00f3r\u00f3anyag szelekt\u00e1l\u00f3 berendez\u00e9s. A l\u00e9pcs\u0151k fel\u00fclete gumibor\u00edt\u00e1ssal rendelkezik. Ajtaj\u00e1n sz\u00edv\u00f3ny\u00edl\u00e1sok tal\u00e1lhat\u00f3k. A sz\u00e9lfajt\u00e1z\u00f3 h\u00e1ts\u00f3 v\u00e9g\u00e9re cs\u0151csonk van felszerelve. Ennek b\u00e1rmelyik v\u00e9g- pontj\u00e1ra csatlakozhat a l\u00e9gsebess\u00e9get szab\u00e1lyoz\u00f3 pillang\u00f3szelep.\u00a0A sz\u00e9lfajt\u00e1z\u00f3 \u00e1ltal lev\u00e1lasztott porszennyez\u0151d\u00e9s gumics\u00f6v\u00f6n t\u00e1vozik a portart\u00e1lyba.\u00a0A megtiszt\u00edtott szemcse az adagol\u00f3tart\u00e1lyba surran.<strong>Adagol\u00f3 tart\u00e1ly.\u00a0<\/strong>A sz\u00e9lfajt\u00e1z\u00f3ban szelekt\u00e1lt sz\u00f3r\u00f3anyag az adagol\u00f3tart\u00e1lyban gy\u0171lik \u00f6ssze. Az adagol\u00f3 tart\u00e1ly alj\u00e1n szektorz\u00e1r biztos\u00edtja a sz\u00f3r\u00f3fejekhez megfelel\u0151 mennyis\u00e9g\u0171 sz\u00f3r\u00f3anyag jut\u00e1s\u00e1t. A szektorz\u00e1rakat pneumatikus munkahenger m\u0171k\u00f6dteti. A szektorz\u00e1rakon \u00e1tfoly\u00f3 sz\u00f3r\u00f3anyag kop\u00e1s\u00e1ll\u00f3 gumit\u00f6ml\u0151n kereszt\u00fcl jut a sz\u00f3r\u00f3fejekhez.\u00a0Az adagol\u00f3tart\u00e1ly esetleges t\u00falt\u00f6lt\u00e9sekor a felesleges sz\u00f3r\u00f3anyagot t\u00falfoly\u00f3cs\u0151 sz\u00e1ll\u00edtja az elev\u00e1toron lev\u0151 p\u00f3ttart\u00e1lyba. A tart\u00e1lyba ker\u00fcl\u0151 sz\u00f3r\u00f3anyag csak egy bels\u0151 rost\u00e1n kereszt\u00fcl folyhat le, melyen fennakadnak azok a nagym\u00e9ret\u0171 szennyez\u0151d\u00e9sek, melyek a sz\u00f3r\u00f3fejbe jutva k\u00e1rosod\u00e1sokat okozhatnak.<\/p>\n<p><strong>Be \u00e9s kij\u00e1rati zsilip.\u00a0<\/strong>Funkci\u00f3ja, a sz\u00f3r\u00f3anyag kipattogz\u00e1s\u00e1nak megakad\u00e1lyoz\u00e1sa a g\u00e9ph\u00e1zb\u00f3l.\u00a0V\u00edzszintesen \u00e9s f\u00fcgg\u0151legesen szerelt t\u00f6bbr\u00e9teg\u0171 gumimandzsett\u00e1b\u00f3l \u00e9s kefeszegmensekb\u0151l \u00e1ll.<\/p>\n<\/div>\n<div><\/div>\n<div><strong>Porelsz\u00edv\u00f3-porlev\u00e1laszt\u00f3 rendszer\u00a0<\/strong>A szemcsesz\u00f3r\u00e1s sor\u00e1n keletkez\u0151 por elsz\u00edv\u00e1s\u00e1t, a poros leveg\u0151 megtiszt\u00edt\u00e1s\u00e1t \u00e9s a tiszt\u00edtott leveg\u0151 kidob\u00e1s\u00e1t vagy ig\u00e9ny szerinti visszavezet\u00e9s\u00e9t l\u00e1tja el.\u00a0F\u0151 egys\u00e9gei: elsz\u00edv\u00f3 ventill\u00e1tor<br \/>\nleveg\u0151cs\u00f6vez\u00e9s\u00a0porlev\u00e1laszt\u00f3 berendez\u00e9s.\u00a0Az elsz\u00edv\u00f3 ventill\u00e1tor tisztaleveg\u0151s ventill\u00e1tor. Elektromos teljes\u00edtm\u00e9nye 5,5 kW. L\u00e9gsz\u00e1ll\u00edt\u00e1si teljes\u00edtm\u00e9nye 5000 m3\/h.\u00a0A leveg\u0151cs\u00f6vez\u00e9s horganyzott egyenes cs\u00f6vekb\u0151l, cs\u0151idomokb\u00f3l, cs\u0151csatlakoz\u00f3kb\u00f3l \u00e1ll. A szemcsesz\u00f3r\u00f3 g\u00e9p,- a porlev\u00e1laszt\u00f3 \u00e9s az elsz\u00edv\u00f3 ventill\u00e1tor elsz\u00edv\u00e1si \u00e9s kif\u00fav\u00e1si pontjait k\u00f6ti \u00f6ssze. A porlev\u00e1laszt\u00f3 kimondottan koptat\u00f3 hat\u00e1s\u00fa porok lev\u00e1laszt\u00e1s\u00e1ra aj\u00e1nlott &#8222;APSZ\u201d t\u00edpus\u00fa patronos sz\u0171r\u0151.<br \/>\nA poros leveg\u0151 egy labirinton \u00e1ramlik a sz\u0171r\u0151patronokhoz. A nagyobb szemcsem\u00e9ret\u0171 porok a labirinton mozg\u00e1si energi\u00e1jukat vesztve a porgy\u0171jt\u0151 bunkerbe ker\u00fclnek.\u00a0A poros leveg\u0151 az \u00fagynevezett Ultra-Web filtereken \u00e1tk\u00e9nyszer\u00fcl \u00e1ramlani. A filterek fel\u00fclet\u00e9n a por megtapad \u00e9s csak a tiszta leveg\u0151 \u00e1ramlik ki a sz\u0171r\u0151b\u0151l. A filterek fel\u00fclet\u00e9n megtapadt port impulzusszer\u0171en az elsz\u00edvott leveg\u0151 \u00e1raml\u00e1si ir\u00e1ny\u00e1val ellent\u00e9tes ir\u00e1nyba bevezetett s\u0171r\u00edtett leveg\u0151 &#8222;ler\u00e1zza&#8221; a porgy\u0171jt\u0151 sil\u00f3ba. A sz\u0171r\u0151 a por 99,73%-\u00e1t megfogja.\u00a0A megtiszt\u00edtott leveg\u0151 a ventill\u00e1tor kidob\u00f3 k\u00e9m\u00e9ny\u00e9n elvezethet\u0151 vagy annak kb. 75%-a egy t\u00e9li-ny\u00e1ri szelep \u00e1tv\u00e1lt\u00e1s\u00e1val munkat\u00e9rbe visszavezethet\u0151.<strong>Vez\u00e9rl\u00e9s.\u00a0<\/strong>A vez\u00e9rl\u0151szekr\u00e9nyb\u0151l ind\u00edthat\u00f3, le\u00e1ll\u00edthat\u00f3 valamennyi elektromos berendez\u00e9s. Itt tal\u00e1lhat\u00f3 a f\u0151kapcsol\u00f3 amellyel a berendez\u00e9st fesz\u00fclts\u00e9g al\u00e1 lehet helyezni illetve fesz\u00fclts\u00e9g mentes\u00edteni lehet. A vez\u00e9rl\u00e9s biztos\u00edtja a k\u00fcl\u00f6nb\u00f6z\u0151 motorok megfelel\u0151 sorrendben t\u00f6rt\u00e9n\u0151 automatikus ind\u00edt\u00e1s\u00e1t, le\u00e1ll\u00edt\u00e1s\u00e1t. Biztos\u00edtja a motorok t\u00falterhel\u00e9s elleni v\u00e9delm\u00e9t valamint a biztons\u00e1gtechnikai reteszel\u00e9seket.<\/div>\n<div><\/div>\n<h2>M\u0171szaki adatok<\/h2>\n<div><strong>Munkadarab<\/strong><\/div>\n<div>Minim\u00e1lis \u00e1tm\u00e9r\u0151 &#8211; 100 mm<\/div>\n<div>Maxim\u00e1lis \u00e1tm\u00e9r\u0151 &#8211; 300 mm<br \/>\nMinim\u00e1lis munkadarab hossz &#8211; 500 mm<\/div>\n<div>Maxim\u00e1lis munkadarab hossz &#8211; 2000 mm<\/div>\n<div><\/div>\n<div><strong>Tiszt\u00edt\u00e1s \u00e9s sz\u00f3r\u00e1s, p\u00e1lya<\/strong><\/div>\n<div>Tiszt\u00edt\u00e1si teljes\u00edtm\u00e9ny &#8211; SA 2 1\/2 fokozatn\u00e1l &#8211; 2 m\u00e9ter\/perc<\/div>\n<div>Sz\u00f3r\u00f3fejek sz\u00e1ma .- 2 db<\/div>\n<div>Sz\u00f3r\u00f3fejek t\u00edpusa &#8211; ABR 401<\/div>\n<div>Sz\u00f3r\u00f3fejek \u00e1tm\u00e9r\u0151 &#8211; 400 mm<\/div>\n<div>J\u00e1r\u00f3ker\u00e9k fordulatsz\u00e1ma &#8211; \u00a02800 fordulat\/perc<\/div>\n<div>Szemcsekisz\u00f3r\u00e1s sz\u00f3r\u00f3fejenk\u00e9nt &#8211; 300 kg\/perc<\/div>\n<div><\/div>\n<div>G\u00f6rg\u0151p\u00e1lya terhelhet\u0151s\u00e9g &#8211; 200 kg\/m<\/div>\n<div>Sebess\u00e9gtartom\u00e1nya 1-8 m\u00e9ter\/perc<\/div>\n<div><\/div>\n<div><strong>Bet\u00e1p<\/strong><\/div>\n<div>Elektromos adatok t\u00e1pfesz\u00fclts\u00e9g &#8211; 3 x 400 V<\/div>\n<div>Vez\u00e9rl\u0151fesz\u00fclts\u00e9g &#8211; 24 V<\/div>\n<div>Frekvencia &#8211; 50 Hz<\/div>\n<div>Elektromos energia ig\u00e9ny alapg\u00e9p &#8211; 45 kw<\/div>\n<div>Porelsz\u00edv\u00f3 rendszer &#8211; 5,5 kW<\/div>\n<div>G\u00f6rg\u0151p\u00e1lya hajt\u00e1s &#8211; 2,5 kW<br \/>\nS\u0171r\u00edtett leveg\u0151 nyom\u00e1s &#8211; 6 bar<\/div>\n<div>S\u0171r\u00edtett leveg\u0151 mennyis\u00e9g &#8211; 10 m3\/\u00f3ra<\/div>\n<div><\/div>\n<div><strong>Sz\u00f3r\u00f3anyag<\/strong><\/div>\n<div>Sz\u00f3r\u00f3anyag t\u00f6ltet &#8211; 1500 kg<\/div>\n<div>Sz\u00f3r\u00f3anyag aj\u00e1nlott szemcsem\u00e9rete &#8211; 0,4-1,2 mm<\/div>\n<div>Porelsz\u00edv\u00f3 ventill\u00e1tor teljes\u00edtm\u00e9nye &#8211; 5000 m3\/\u00f3ra<\/div>","protected":false},"excerpt":{"rendered":"<p>A CST\u2010300\u00a0\u00a0tip. szemcse sz\u00f3r\u00f3g\u00e9p\u00a0\u00a0els\u0151sorban cs\u00f6vek, palackok, hengeres testek k\u00fcls\u0151\u00a0fel\u00fclet\u00e9nek,<b> <u>folyamatos<\/u> \u00fczem\u0171\u00a0r\u00e9v\u00e9tlen\u00edt\u00e9s\u00e9re, fel\u00fclet\u2010tiszt\u00edt\u00e1s\u00e1ra alkalmas.\u00a0<\/b>\u00c1tm\u00e9r\u0151\u00a0100-300 mm. G\u00e1zpalack hossz min. 500 mm. Kisz\u00f3rt szemcse 600 kg\/perc<\/p>","protected":false},"featured_media":445,"template":"","meta":[],"product_brand":[],"product_cat":[32,121,31],"product_tag":[122,39],"class_list":{"0":"post-397","1":"product","2":"type-product","3":"status-publish","4":"has-post-thumbnail","6":"product_cat-gazpalack-nyomasproba-es-felujitas","7":"product_cat-gazpalackok-kulso-tisztitasa","8":"product_cat-termekek","9":"product_tag-gorgo-palya","10":"product_tag-soretezes","12":"first","13":"instock","14":"shipping-taxable","15":"purchasable","16":"product-type-simple"},"_links":{"self":[{"href":"https:\/\/pwent.lionstackailab.hu\/de\/wp-json\/wp\/v2\/product\/397","targetHints":{"allow":["GET"]}}],"collection":[{"href":"https:\/\/pwent.lionstackailab.hu\/de\/wp-json\/wp\/v2\/product"}],"about":[{"href":"https:\/\/pwent.lionstackailab.hu\/de\/wp-json\/wp\/v2\/types\/product"}],"wp:featuredmedia":[{"embeddable":true,"href":"https:\/\/pwent.lionstackailab.hu\/de\/wp-json\/wp\/v2\/media\/445"}],"wp:attachment":[{"href":"https:\/\/pwent.lionstackailab.hu\/de\/wp-json\/wp\/v2\/media?parent=397"}],"wp:term":[{"taxonomy":"product_brand","embeddable":true,"href":"https:\/\/pwent.lionstackailab.hu\/de\/wp-json\/wp\/v2\/product_brand?post=397"},{"taxonomy":"product_cat","embeddable":true,"href":"https:\/\/pwent.lionstackailab.hu\/de\/wp-json\/wp\/v2\/product_cat?post=397"},{"taxonomy":"product_tag","embeddable":true,"href":"https:\/\/pwent.lionstackailab.hu\/de\/wp-json\/wp\/v2\/product_tag?post=397"}],"curies":[{"name":"wp","href":"https:\/\/api.w.org\/{rel}","templated":true}]}}