{"id":394,"date":"2026-03-19T13:33:37","date_gmt":"2026-03-19T13:33:37","guid":{"rendered":"https:\/\/pwent.lionstackailab.hu\/?post_type=product&#038;p=394"},"modified":"2026-03-19T13:34:02","modified_gmt":"2026-03-19T13:34:02","slug":"hfm-5-visszafejtett-halon-es-halonhelyettesito-oltogazok-szuresere","status":"publish","type":"product","link":"https:\/\/pwent.lionstackailab.hu\/de\/termek\/hfm-5-visszafejtett-halon-es-halonhelyettesito-oltogazok-szuresere\/","title":{"rendered":"HFM\/5 visszafejtett halon \u00e9s halonhelyettes\u00edt\u0151 olt\u00f3g\u00e1zok sz\u0171r\u00e9s\u00e9re"},"content":{"rendered":"<p>Kapacit\u00e1s: kb. 7 kg\/perc. Maxim\u00e1lis nyom\u00e1s 31 bar. A sz\u0171r\u0151egys\u00e9g lehet\u0151v\u00e9 teszi,hogy a visszanyert \u00e9s nyom\u00e1stalan\u00edtott halont vagy m\u00e1s olt\u00f3g\u00e1zokat\u00a0\u00fajrahasznos\u00edtsuk \u00fajra az\u00a0eredeti szabv\u00e1nyos \u00e1llapotba hozzuk. A sz\u0171r\u00e9s k\u00f6telez\u0151 k\u00f6zvetlen\u00fcl az olt\u00f3g\u00e1z\/nitrog\u00e9n sz\u00e9tv\u00e1laszt\u00e1s\u00e1t k\u00f6vet\u0151en\u00a0(SHN5 g\u00e9p seg\u00edts\u00e9g\u00e9vel, illetve az olt\u00f3g\u00e1z\/nitrog\u00e9n sz\u00e9tv\u00e1laszt\u00e1s\u00e1t megel\u0151z\u0151en ha a kever\u00e9k sok nedvess\u00e9get tartalmaz.<\/p>\n<hr \/>\n<p><strong>Let\u00f6lthet\u0151 anyagok<\/strong><\/p>\n<ul>\n<li><a href=\"https:\/\/pwent.eu\/wp-content\/uploads\/2016\/04\/HFM5_filtering.pdf\" rel=\"\">HFM\/5 modell speci\u00e1lis olt\u00f3g\u00e1zok sz\u0171r\u00e9s\u00e9re<\/a><\/li>\n<\/ul>","protected":false},"excerpt":{"rendered":"<p>Kapacit\u00e1s: kb. 7 kg\/perc. Maxim\u00e1lis nyom\u00e1s 31 bar. \u00a0A sz\u0171r\u0151egys\u00e9g lehet\u0151v\u00e9 teszi, hogy a visszanyert \u00e9s nyom\u00e1stalan\u00edtott halont vagy m\u00e1s olt\u00f3g\u00e1zokat \u00fajrahasznos\u00edtsuk \u00e9s \u00fajra az eredeti szabv\u00e1nyos \u00e1llapotba hozzuk.<\/p>","protected":false},"featured_media":439,"template":"","meta":[],"product_brand":[],"product_cat":[31,71],"product_tag":[110,114,113,119],"class_list":{"0":"post-394","1":"product","2":"type-product","3":"status-publish","4":"has-post-thumbnail","6":"product_cat-termekek","7":"product_cat-transzfer-gepek-fm200-novec-es-inert-oltogazokhoz","8":"product_tag-clean-agent","9":"product_tag-halon","10":"product_tag-oltogaz","11":"product_tag-szures","13":"first","14":"instock","15":"shipping-taxable","16":"purchasable","17":"product-type-simple"},"_links":{"self":[{"href":"https:\/\/pwent.lionstackailab.hu\/de\/wp-json\/wp\/v2\/product\/394","targetHints":{"allow":["GET"]}}],"collection":[{"href":"https:\/\/pwent.lionstackailab.hu\/de\/wp-json\/wp\/v2\/product"}],"about":[{"href":"https:\/\/pwent.lionstackailab.hu\/de\/wp-json\/wp\/v2\/types\/product"}],"wp:featuredmedia":[{"embeddable":true,"href":"https:\/\/pwent.lionstackailab.hu\/de\/wp-json\/wp\/v2\/media\/439"}],"wp:attachment":[{"href":"https:\/\/pwent.lionstackailab.hu\/de\/wp-json\/wp\/v2\/media?parent=394"}],"wp:term":[{"taxonomy":"product_brand","embeddable":true,"href":"https:\/\/pwent.lionstackailab.hu\/de\/wp-json\/wp\/v2\/product_brand?post=394"},{"taxonomy":"product_cat","embeddable":true,"href":"https:\/\/pwent.lionstackailab.hu\/de\/wp-json\/wp\/v2\/product_cat?post=394"},{"taxonomy":"product_tag","embeddable":true,"href":"https:\/\/pwent.lionstackailab.hu\/de\/wp-json\/wp\/v2\/product_tag?post=394"}],"curies":[{"name":"wp","href":"https:\/\/api.w.org\/{rel}","templated":true}]}}