{"id":393,"date":"2026-03-19T13:33:37","date_gmt":"2026-03-19T13:33:37","guid":{"rendered":"https:\/\/pwent.lionstackailab.hu\/?post_type=product&#038;p=393"},"modified":"2026-03-19T13:34:01","modified_gmt":"2026-03-19T13:34:01","slug":"shn-5-oltogaz-es-nitrogen-elvalaszto-egyseg","status":"publish","type":"product","link":"https:\/\/pwent.lionstackailab.hu\/de\/termek\/shn-5-oltogaz-es-nitrogen-elvalaszto-egyseg\/","title":{"rendered":"SHN\/5 olt\u00f3g\u00e1z \u00e9s nitrog\u00e9n elv\u00e1laszt\u00f3 egys\u00e9g"},"content":{"rendered":"<p>Kapacit\u00e1s 25-40 kg\/\u00f3ra. Kimeneti nyom\u00e1s:30 bar. Bemeneti nyom\u00e1s 42 bar. Max hat\u00e9konys\u00e1g: 96%.<strong>\u00a0<\/strong>Ezt g\u00e9pet az olt\u00f3g\u00e1zok\/nitrog\u00e9n kever\u00e9k sz\u00e9tv\u00e1laszt\u00e1s\u00e1ra tervezt\u00fck. A\u00a0visszanyer\u0151 egys\u00e9g (THB5 )\u00e1ltal lefejtett olt\u00f3g\u00e1z\/nitrog\u00e9n kever\u00e9ket sz\u00e9tv\u00e1lasztjuk. A nyom\u00e1s alatt l\u00e9v\u0151 nitrog\u00e9n lev\u00e1laszt\u00e1s\u00e1val az olt\u00f3g\u00e1zt biztons\u00e1gosan nyom\u00e1s n\u00e9lk\u00fcl tudjuk t\u00e1rolni. A t\u00e1rol\u00e1s m\u00e1r k\u00f6nnyebb olcs\u00f3bb tart\u00e1lyokban is t\u00f6rt\u00e9nhet. A sz\u00e9tv\u00e1laszt\u00e1st k\u00f6vet\u0151en az olt\u00f3g\u00e1z sz\u0171rni \u00e1tengedve a szabv\u00e1nyoknak megfelel\u0151 szabv\u00e1ny szerinti tiszta \u00e1llapotba hozhat\u00f3 \u00e9s \u00fajrafelhaszn\u00e1lhat\u00f3 a t\u00f6rv\u00e9nyeknek megfelel\u0151en a kritikus alkalmaz\u00e1sokn\u00e1l is.<\/p>\n<hr \/>\n<p><strong>Let\u00f6lthet\u0151 anyagok<\/strong><\/p>\n<ul>\n<li><a href=\"https:\/\/pwent.eu\/wp-content\/uploads\/2016\/04\/SHN5_separation.pdf\" rel=\"\">SHN\/5 modell- Inert g\u00e1zzal m\u0171k\u00f6d\u0151 olt\u00f3rendszerek a palackokhoz<\/a><\/li>\n<\/ul>","protected":false},"excerpt":{"rendered":"<p>Kapacit\u00e1s 25-40 kg\/\u00f3ra. Kimeneti nyom\u00e1s:30 bar. \u00a0Ezt a g\u00e9pet az olt\u00f3g\u00e1z\/nitrog\u00e9n kever\u00e9k sz\u00e9tv\u00e1laszt\u00e1s\u00e1ra tervezt\u00fck. A m\u00e1r visszanyer\u0151 egys\u00e9g (THB5) \u00e1ltal lefejtett olt\u00f3g\u00e1z\/nitrog\u00e9n kever\u00e9ket sz\u00e9tv\u00e1lasztjuk<\/p>","protected":false},"featured_media":438,"template":"","meta":[],"product_brand":[],"product_cat":[31,71],"product_tag":[110,118,114,115,106,113],"class_list":{"0":"post-393","1":"product","2":"type-product","3":"status-publish","4":"has-post-thumbnail","6":"product_cat-termekek","7":"product_cat-transzfer-gepek-fm200-novec-es-inert-oltogazokhoz","8":"product_tag-clean-agent","9":"product_tag-elvalasztas","10":"product_tag-halon","11":"product_tag-halon-helyettesito","12":"product_tag-nitrogen","13":"product_tag-oltogaz","15":"first","16":"instock","17":"shipping-taxable","18":"purchasable","19":"product-type-simple"},"_links":{"self":[{"href":"https:\/\/pwent.lionstackailab.hu\/de\/wp-json\/wp\/v2\/product\/393","targetHints":{"allow":["GET"]}}],"collection":[{"href":"https:\/\/pwent.lionstackailab.hu\/de\/wp-json\/wp\/v2\/product"}],"about":[{"href":"https:\/\/pwent.lionstackailab.hu\/de\/wp-json\/wp\/v2\/types\/product"}],"wp:featuredmedia":[{"embeddable":true,"href":"https:\/\/pwent.lionstackailab.hu\/de\/wp-json\/wp\/v2\/media\/438"}],"wp:attachment":[{"href":"https:\/\/pwent.lionstackailab.hu\/de\/wp-json\/wp\/v2\/media?parent=393"}],"wp:term":[{"taxonomy":"product_brand","embeddable":true,"href":"https:\/\/pwent.lionstackailab.hu\/de\/wp-json\/wp\/v2\/product_brand?post=393"},{"taxonomy":"product_cat","embeddable":true,"href":"https:\/\/pwent.lionstackailab.hu\/de\/wp-json\/wp\/v2\/product_cat?post=393"},{"taxonomy":"product_tag","embeddable":true,"href":"https:\/\/pwent.lionstackailab.hu\/de\/wp-json\/wp\/v2\/product_tag?post=393"}],"curies":[{"name":"wp","href":"https:\/\/api.w.org\/{rel}","templated":true}]}}