{"id":360,"date":"2026-03-19T13:33:15","date_gmt":"2026-03-19T13:33:15","guid":{"rendered":"https:\/\/pwent.lionstackailab.hu\/?post_type=product&#038;p=360"},"modified":"2026-03-19T13:33:56","modified_gmt":"2026-03-19T13:33:56","slug":"thb5-hnf-halonhalon-helyettesito-oltogazok-toltes-visszanyeres-ujrahasznositas-25-bar-42-bar","status":"publish","type":"product","link":"https:\/\/pwent.lionstackailab.hu\/de\/termek\/thb5-hnf-halonhalon-helyettesito-oltogazok-toltes-visszanyeres-ujrahasznositas-25-bar-42-bar\/","title":{"rendered":"THB5\/HNF halon,halon helyettes\u00edt\u0151 olt\u00f3g\u00e1zok t\u00f6lt\u00e9s, visszanyer\u00e9s, \u00fajrahasznos\u00edt\u00e1s (25 bar, 42 bar)"},"content":{"rendered":"<div>Max visszanyer\u00e9s: 99%A g\u00e9p maxim\u00e1lis nyom\u00e1sa: 25 bar vagy 42 bar bar.\u00a0G\u00e1zok:\u00a0FE36, Halotron, FM200, Novec1230, HFC227ea, HFC125.A THB5 modellcsal\u00e1dot t\u0171zolt\u00f3 k\u00e9sz\u00fcl\u00e9kek \u00e9s m\u00e1s tart\u00e1lyok olt\u00f3g\u00e1zzal (clean agent) t\u00f6rt\u00e9n\u0151 t\u00f6lt\u00e9s\u00e9re, a g\u00e1z visszanyer\u00e9s\u00e9re.vagy \u00fajrafelhaszn\u00e1l\u00e1s\u00e1ra fejlesztett\u00fck ki. A g\u00e9p kezeli a t\u00falnyom\u00e1sos kevert olt\u00f3g\u00e1z cseppfoly\u00f3s \u00e9s g\u00e1z\u00e1llapot\u00fa r\u00e9sz\u00e9t is. Modellt\u0151l f\u00fcgg\u0151en a nitrog\u00e9nnel kevert olt\u00f3g\u00e1z \u00e1tt\u00f6lthet\u0151 egy ugyanakkor kapacit\u00e1s\u00fa g\u00e1zpalackba, ahol a v\u00e9gnyom\u00e1s megegyezik az eredeti palack nyom\u00e1s\u00e1val (25 bar vagy 42 bar) ugyanakkora nyom\u00e1ssal vagy egy nagyobb g\u00e1ztart\u00e1lyba. \u00cdgy a kevert olt\u00f3g\u00e1zt visszanyerhetj\u00fck \u00e9s ism\u00e9t felhaszn\u00e1lhatjuk a nitrog\u00e9n \u00e9s olt\u00f3g\u00e1z sz\u00e9tv\u00e1laszt\u00e1sa n\u00e9lk\u00fcl. A g\u00e9p term\u00e9szetesen alkalamas \u00faj palackok vagy t\u0171zolt\u00f3k\u00e1sz\u00fcl\u00e9kek felt\u00f6lt\u00e9s\u00e9re \u00e9s nyom\u00e1s al\u00e1 helyez\u00e9s\u00e9re is.<\/div>\n<hr \/>\n<p><strong>Let\u00f6lthet\u0151 anyagok<\/strong><\/p>\n<ul>\n<li><a href=\"https:\/\/pwent.eu\/wp-content\/uploads\/2016\/04\/THB5-HNF_engl.pdf\">THB5-HNF g\u00e9p k\u00e9miai olt\u00f3anyagok t\u00f6lt\u00e9s\u00e9re max 42 bar (FM200, NOVEC)<\/a><\/li>\n<\/ul>","protected":false},"excerpt":{"rendered":"<p>A THB5 modellcsal\u00e1dot t\u0171zolt\u00f3k\u00e9sz\u00fcl\u00e9kek \u00e9s m\u00e1s tart\u00e1lyok olt\u00f3g\u00e1zzal (clean agent) t\u00f6rt\u00e9n\u0151 t\u00f6lt\u00e9s\u00e9re, a g\u00e1z visszanyer\u00e9s\u00e9re vagy <b>\u00fajrafelhaszn\u00e1l\u00e1s\u00e1ra <\/b>fejlesztett\u00fck ki.\u00a0Max visszanyer\u00e9s: 99%A g\u00e9p maxim\u00e1lis nyom\u00e1sa: 42 bar.\u00a0G\u00e1zok:\u00a0FE36, Halotron, FM200, Novec1230, HFC227ea, HFC125.<\/p>","protected":false},"featured_media":423,"template":"","meta":[],"product_brand":[],"product_cat":[31,71],"product_tag":[110,114,115],"class_list":{"0":"post-360","1":"product","2":"type-product","3":"status-publish","4":"has-post-thumbnail","6":"product_cat-termekek","7":"product_cat-transzfer-gepek-fm200-novec-es-inert-oltogazokhoz","8":"product_tag-clean-agent","9":"product_tag-halon","10":"product_tag-halon-helyettesito","12":"first","13":"instock","14":"featured","15":"shipping-taxable","16":"purchasable","17":"product-type-simple"},"_links":{"self":[{"href":"https:\/\/pwent.lionstackailab.hu\/de\/wp-json\/wp\/v2\/product\/360","targetHints":{"allow":["GET"]}}],"collection":[{"href":"https:\/\/pwent.lionstackailab.hu\/de\/wp-json\/wp\/v2\/product"}],"about":[{"href":"https:\/\/pwent.lionstackailab.hu\/de\/wp-json\/wp\/v2\/types\/product"}],"wp:featuredmedia":[{"embeddable":true,"href":"https:\/\/pwent.lionstackailab.hu\/de\/wp-json\/wp\/v2\/media\/423"}],"wp:attachment":[{"href":"https:\/\/pwent.lionstackailab.hu\/de\/wp-json\/wp\/v2\/media?parent=360"}],"wp:term":[{"taxonomy":"product_brand","embeddable":true,"href":"https:\/\/pwent.lionstackailab.hu\/de\/wp-json\/wp\/v2\/product_brand?post=360"},{"taxonomy":"product_cat","embeddable":true,"href":"https:\/\/pwent.lionstackailab.hu\/de\/wp-json\/wp\/v2\/product_cat?post=360"},{"taxonomy":"product_tag","embeddable":true,"href":"https:\/\/pwent.lionstackailab.hu\/de\/wp-json\/wp\/v2\/product_tag?post=360"}],"curies":[{"name":"wp","href":"https:\/\/api.w.org\/{rel}","templated":true}]}}