{"id":354,"date":"2026-03-19T13:33:15","date_gmt":"2026-03-19T13:33:15","guid":{"rendered":"https:\/\/pwent.lionstackailab.hu\/?post_type=product&#038;p=354"},"modified":"2026-03-19T13:33:49","modified_gmt":"2026-03-19T13:33:49","slug":"103-d1-co2-tolto-es-visszanyero-pumpa","status":"publish","type":"product","link":"https:\/\/pwent.lionstackailab.hu\/de\/termek\/103-d1-co2-tolto-es-visszanyero-pumpa\/","title":{"rendered":"103\/D1 CO2 t\u00f6lt\u0151 \u00e9s visszanyer\u0151 pumpa"},"content":{"rendered":"<p>CO2 t\u00f6lt\u00e9s \u00e9s visszanyer\u00e9s g\u00e1zpalackb\u00f3l vagy palackk\u00f6tegb\u0151l 300 kg\/\u00f3ra kapacit\u00e1s. Magas hat\u00e9konys\u00e1g\u00fa 3 dugatty\u00fas pumpa speci\u00e1lisan g\u00e1zpalackok \u00e9s t\u0171zolt\u00f3k\u00e9sz\u00fcl\u00e9kek t\u00f6lt\u00e9s\u00e9re tervezve.<\/p>\n<p>A 103\/D1 pump\u00e1t rozsdamentes keretre szerelt\u00fck, amely m\u00e1r tartalmazza a vez\u00e9rl\u0151 dobozt \u00e9s a rugalmas cs\u00f6veket. K\u00e9r\u00e9sre a 103\/d1 modell elektromos m\u00e9rleget is tartalmazhat, amely kontroll\u00e1lja a t\u00f6lt\u00e9si folyamatot \u00e9s pneumatikus satut a g\u00e1zpalackok biztons\u00e1gos r\u00f6gz\u00edt\u00e9s\u00e9hez.<\/p>\n<hr \/>\n<h3>Let\u00f6lthet\u0151 anyagok<\/h3>\n<ul>\n<li><a href=\"https:\/\/pwent.eu\/wp-content\/uploads\/2016\/04\/103D1_CO2_filling.pdf\" rel=\"\">103\/D1 t\u00f6lt\u0151 \u00e9s visszanyer\u0151 pumpa<\/a><\/li>\n<\/ul>","protected":false},"excerpt":{"rendered":"<p>T\u0171zolt\u00f3k\u00e9sz\u00fcl\u00e9kek g\u00e1zpalackok CO2 t\u00f6lt\u00e9se g\u00e1zpalackb\u00f3l vagy g\u00e1zpalackk\u00f6tegb\u0151l. 300 kg\/\u00f3ra kapacit\u00e1s.\u00a0Magas hat\u00e9konys\u00e1g\u00fa 3 dugatty\u00fas pumpa speci\u00e1lisan g\u00e1zpalackok \u00e9s t\u0171zolt\u00f3k\u00e9sz\u00fcl\u00e9kek t\u00f6lt\u00e9s\u00e9re tervezve.<\/p>","protected":false},"featured_media":417,"template":"","meta":[],"product_brand":[],"product_cat":[69,33,31],"product_tag":[87,91,99,93],"class_list":{"0":"post-354","1":"product","2":"type-product","3":"status-publish","4":"has-post-thumbnail","6":"product_cat-co2-tolto-es-atfejto-gepek","7":"product_cat-muhely-szendioxiddal-olto-keszulekhez","8":"product_cat-termekek","9":"product_tag-co2","10":"product_tag-szendioxid","11":"product_tag-toltes","12":"product_tag-visszanyeres","14":"first","15":"instock","16":"shipping-taxable","17":"purchasable","18":"product-type-simple"},"_links":{"self":[{"href":"https:\/\/pwent.lionstackailab.hu\/de\/wp-json\/wp\/v2\/product\/354","targetHints":{"allow":["GET"]}}],"collection":[{"href":"https:\/\/pwent.lionstackailab.hu\/de\/wp-json\/wp\/v2\/product"}],"about":[{"href":"https:\/\/pwent.lionstackailab.hu\/de\/wp-json\/wp\/v2\/types\/product"}],"wp:featuredmedia":[{"embeddable":true,"href":"https:\/\/pwent.lionstackailab.hu\/de\/wp-json\/wp\/v2\/media\/417"}],"wp:attachment":[{"href":"https:\/\/pwent.lionstackailab.hu\/de\/wp-json\/wp\/v2\/media?parent=354"}],"wp:term":[{"taxonomy":"product_brand","embeddable":true,"href":"https:\/\/pwent.lionstackailab.hu\/de\/wp-json\/wp\/v2\/product_brand?post=354"},{"taxonomy":"product_cat","embeddable":true,"href":"https:\/\/pwent.lionstackailab.hu\/de\/wp-json\/wp\/v2\/product_cat?post=354"},{"taxonomy":"product_tag","embeddable":true,"href":"https:\/\/pwent.lionstackailab.hu\/de\/wp-json\/wp\/v2\/product_tag?post=354"}],"curies":[{"name":"wp","href":"https:\/\/api.w.org\/{rel}","templated":true}]}}