{"id":351,"date":"2026-03-19T13:33:15","date_gmt":"2026-03-19T13:33:15","guid":{"rendered":"https:\/\/pwent.lionstackailab.hu\/?post_type=product&#038;p=351"},"modified":"2026-03-19T13:33:39","modified_gmt":"2026-03-19T13:33:39","slug":"99-d1-co2-atfejto-pumpa","status":"publish","type":"product","link":"https:\/\/pwent.lionstackailab.hu\/de\/termek\/99-d1-co2-atfejto-pumpa\/","title":{"rendered":"99\/D1 CO2 \u00e1tfejt\u0151 pumpa"},"content":{"rendered":"<p>\u00c1tfejt\u0151 pumpa palackb\u00f3l palackba t\u00f6rt\u00e9n\u0151 \u00e1tfejt\u00e9shez. A pumpa f\u0151k\u00e9nt t\u0171zbiztons\u00e1gi \u00e9s ipari ter\u00fcletekre alkalmas ahol avsz\u00e9ndioxidot kell \u00e1tfejteni g\u00e1zpalackb\u00f3l 1 kg-n\u00e1l nagyobb kapacit\u00e1s\u00fa t\u0171z\u00f3lk\u00e9sz\u00fcl\u00e9kbe vagy tart\u00e1lyba.<\/p>\n<hr \/>\n<h3>Let\u00f6lthet\u0151 anyagok<\/h3>\n<ul>\n<li><a href=\"https:\/\/pwent.eu\/wp-content\/uploads\/2016\/04\/99D1_transfer_unit.pdf\" rel=\"\">99\/D1 \u00e1tfejt\u0151 pumpa<\/a><\/li>\n<\/ul>\n<p>&nbsp;<\/p>","protected":false},"excerpt":{"rendered":"<p>\u00c1tfejt\u0151 pumpa palackb\u00f3l palackba t\u00f6rt\u00e9n\u0151 \u00e1tfejt\u00e9shez<\/p>","protected":false},"featured_media":412,"template":"","meta":[],"product_brand":[],"product_cat":[69,33,31],"product_tag":[103,87,91],"class_list":{"0":"post-351","1":"product","2":"type-product","3":"status-publish","4":"has-post-thumbnail","6":"product_cat-co2-tolto-es-atfejto-gepek","7":"product_cat-muhely-szendioxiddal-olto-keszulekhez","8":"product_cat-termekek","9":"product_tag-atfejto","10":"product_tag-co2","11":"product_tag-szendioxid","13":"first","14":"instock","15":"featured","16":"shipping-taxable","17":"purchasable","18":"product-type-simple"},"_links":{"self":[{"href":"https:\/\/pwent.lionstackailab.hu\/de\/wp-json\/wp\/v2\/product\/351","targetHints":{"allow":["GET"]}}],"collection":[{"href":"https:\/\/pwent.lionstackailab.hu\/de\/wp-json\/wp\/v2\/product"}],"about":[{"href":"https:\/\/pwent.lionstackailab.hu\/de\/wp-json\/wp\/v2\/types\/product"}],"wp:featuredmedia":[{"embeddable":true,"href":"https:\/\/pwent.lionstackailab.hu\/de\/wp-json\/wp\/v2\/media\/412"}],"wp:attachment":[{"href":"https:\/\/pwent.lionstackailab.hu\/de\/wp-json\/wp\/v2\/media?parent=351"}],"wp:term":[{"taxonomy":"product_brand","embeddable":true,"href":"https:\/\/pwent.lionstackailab.hu\/de\/wp-json\/wp\/v2\/product_brand?post=351"},{"taxonomy":"product_cat","embeddable":true,"href":"https:\/\/pwent.lionstackailab.hu\/de\/wp-json\/wp\/v2\/product_cat?post=351"},{"taxonomy":"product_tag","embeddable":true,"href":"https:\/\/pwent.lionstackailab.hu\/de\/wp-json\/wp\/v2\/product_tag?post=351"}],"curies":[{"name":"wp","href":"https:\/\/api.w.org\/{rel}","templated":true}]}}