{"id":350,"date":"2026-03-19T13:33:15","date_gmt":"2026-03-19T13:33:15","guid":{"rendered":"https:\/\/pwent.lionstackailab.hu\/?post_type=product&#038;p=350"},"modified":"2026-03-19T13:33:38","modified_gmt":"2026-03-19T13:33:38","slug":"dyna-elektromos-dinamometer-oltopalackok-sulymeresehez","status":"publish","type":"product","link":"https:\/\/pwent.lionstackailab.hu\/de\/termek\/dyna-elektromos-dinamometer-oltopalackok-sulymeresehez\/","title":{"rendered":"DYNA elektromos dinamom\u00e9ter olt\u00f3palackok s\u00falym\u00e9r\u00e9s\u00e9hez"},"content":{"rendered":"<p>A DYNA hordozhat\u00f3 er\u0151m\u00e9r\u0151t a t\u0171zolt\u00f3 k\u00e9sz\u00fcl\u00e9kek helysz\u00edni s\u00falym\u00e9r\u00e9s\u00e9hez ajn\u00e1ljuk. \u00a0ABS m\u0171anyag markolat, ac\u00e9l kamp\u00f3val.<\/p>\n<p>LCD digit\u00e1lis kijelz\u0151., 9V elem, TARA funkci\u00f3.<\/p>\n<hr \/>\n<p><strong>Let\u00f6lthet\u0151 anyagok<\/strong><\/p>\n<ul>\n<li><a href=\"https:\/\/pwent.eu\/wp-content\/uploads\/2016\/04\/dynamometer_ing.pdf\" rel=\"\">DYNA Series &#8211; er\u0151m\u00e9r\u0151 s\u00falyellen\u0151rz\u00e9s<\/a><\/li>\n<\/ul>","protected":false},"excerpt":{"rendered":"<p>A DYNA hordozhat\u00f3 er\u0151m\u00e9r\u0151t a t\u0171zolt\u00f3k\u00e9sz\u00fcl\u00e9kek helysz\u00edni s\u00falym\u00e9r\u00e9s\u00e9hez aj\u00e1nljuk. 15\/50 kg maxim\u00e1lis terhelhet\u0151s\u00e9g, 20 gramm vagy 50 gramm oszt\u00e1ssal<\/p>","protected":false},"featured_media":411,"template":"","meta":[],"product_brand":[],"product_cat":[32,70,36,33,79],"product_tag":[100,101,102],"class_list":{"0":"post-350","1":"product","2":"type-product","3":"status-publish","4":"has-post-thumbnail","6":"product_cat-gazpalack-nyomasproba-es-felujitas","7":"product_cat-merlegek-meroeszkozok","8":"product_cat-muhely-porralolto-keszulek-karbantartasahoz","9":"product_cat-muhely-szendioxiddal-olto-keszulekhez","10":"product_cat-portoltes-es-porvisszanyeres","11":"product_tag-dinamometer","12":"product_tag-oltopalack","13":"product_tag-sulymeres","15":"first","16":"instock","17":"shipping-taxable","18":"purchasable","19":"product-type-simple"},"_links":{"self":[{"href":"https:\/\/pwent.lionstackailab.hu\/de\/wp-json\/wp\/v2\/product\/350","targetHints":{"allow":["GET"]}}],"collection":[{"href":"https:\/\/pwent.lionstackailab.hu\/de\/wp-json\/wp\/v2\/product"}],"about":[{"href":"https:\/\/pwent.lionstackailab.hu\/de\/wp-json\/wp\/v2\/types\/product"}],"wp:featuredmedia":[{"embeddable":true,"href":"https:\/\/pwent.lionstackailab.hu\/de\/wp-json\/wp\/v2\/media\/411"}],"wp:attachment":[{"href":"https:\/\/pwent.lionstackailab.hu\/de\/wp-json\/wp\/v2\/media?parent=350"}],"wp:term":[{"taxonomy":"product_brand","embeddable":true,"href":"https:\/\/pwent.lionstackailab.hu\/de\/wp-json\/wp\/v2\/product_brand?post=350"},{"taxonomy":"product_cat","embeddable":true,"href":"https:\/\/pwent.lionstackailab.hu\/de\/wp-json\/wp\/v2\/product_cat?post=350"},{"taxonomy":"product_tag","embeddable":true,"href":"https:\/\/pwent.lionstackailab.hu\/de\/wp-json\/wp\/v2\/product_tag?post=350"}],"curies":[{"name":"wp","href":"https:\/\/api.w.org\/{rel}","templated":true}]}}