{"id":348,"date":"2026-03-19T13:33:15","date_gmt":"2026-03-19T13:33:15","guid":{"rendered":"https:\/\/pwent.lionstackailab.hu\/?post_type=product&#038;p=348"},"modified":"2026-03-19T13:33:36","modified_gmt":"2026-03-19T13:33:36","slug":"caddie-bench-szervizkocsi-tuzoltokeszulekek-helyszini-karbantartasahoz","status":"publish","type":"product","link":"https:\/\/pwent.lionstackailab.hu\/de\/termek\/caddie-bench-szervizkocsi-tuzoltokeszulekek-helyszini-karbantartasahoz\/","title":{"rendered":"CADDIE BENCH szerv\u00edzkocsi t\u0171zolt\u00f3k\u00e9sz\u00fcl\u00e9kek helysz\u00edni karbantart\u00e1s\u00e1hoz"},"content":{"rendered":"<p>Ezzel a kocsival k\u00f6nnyen, eleg\u00e1nsan sz\u00e1ll\u00edthatja az eszk\u00f6zeit, a cser\u00e9lend\u0151 vagy jav\u00edtand\u00f3 olt\u00f3k\u00e9sz\u00fcl\u00e9keket. A r\u00e1\u00e9p\u00edtett forgathat\u00f3\u00a0k\u00e9zi szor\u00edt\u00f3 megk\u00f6nny\u00edti a helyben t\u00f6rt\u00e9n\u0151 munkav\u00e9gz\u00e9st. eleg\u00e1ns hat\u00e9kony munkav\u00e9gz\u00e9s.<\/p>\n<hr \/>\n<h3>Let\u00f6lthet\u0151 anyagok<\/h3>\n<ul>\n<li><a href=\"https:\/\/pwent.eu\/wp-content\/uploads\/2016\/04\/CADDIE_BENCH_trolley.pdf\" rel=\"\">CADDIE BENCH &#8211; mobil munkapad \u00e9s munkakocsi t\u0171zolt\u00f3kj\u00e9sz\u00fcl\u00e9kek karbantart\u00e1s\u00e1hoz<\/a><\/li>\n<\/ul>","protected":false},"excerpt":{"rendered":"<p>Ezzel a kocsival k\u00f6nnyen sz\u00e1ll\u00edthatja eszk\u00f6zeit, a cser\u00e9lend\u0151 vagy jav\u00edtand\u00f3 olt\u00f3k\u00e9sz\u00fcl\u00e9keket<\/p>\n<p>&nbsp;<\/p>","protected":false},"featured_media":389,"template":"","meta":[],"product_brand":[],"product_cat":[75,76,36,33,79],"product_tag":[80,97,98],"class_list":{"0":"post-348","1":"product","2":"type-product","3":"status-publish","4":"has-post-thumbnail","6":"product_cat-kiegeszitok","7":"product_cat-mobil-karbantarto-allomas","8":"product_cat-muhely-porralolto-keszulek-karbantartasahoz","9":"product_cat-muhely-szendioxiddal-olto-keszulekhez","10":"product_cat-portoltes-es-porvisszanyeres","11":"product_tag-mobil","12":"product_tag-munkapad","13":"product_tag-szervizkocsi","15":"first","16":"instock","17":"shipping-taxable","18":"purchasable","19":"product-type-simple"},"_links":{"self":[{"href":"https:\/\/pwent.lionstackailab.hu\/de\/wp-json\/wp\/v2\/product\/348","targetHints":{"allow":["GET"]}}],"collection":[{"href":"https:\/\/pwent.lionstackailab.hu\/de\/wp-json\/wp\/v2\/product"}],"about":[{"href":"https:\/\/pwent.lionstackailab.hu\/de\/wp-json\/wp\/v2\/types\/product"}],"wp:featuredmedia":[{"embeddable":true,"href":"https:\/\/pwent.lionstackailab.hu\/de\/wp-json\/wp\/v2\/media\/389"}],"wp:attachment":[{"href":"https:\/\/pwent.lionstackailab.hu\/de\/wp-json\/wp\/v2\/media?parent=348"}],"wp:term":[{"taxonomy":"product_brand","embeddable":true,"href":"https:\/\/pwent.lionstackailab.hu\/de\/wp-json\/wp\/v2\/product_brand?post=348"},{"taxonomy":"product_cat","embeddable":true,"href":"https:\/\/pwent.lionstackailab.hu\/de\/wp-json\/wp\/v2\/product_cat?post=348"},{"taxonomy":"product_tag","embeddable":true,"href":"https:\/\/pwent.lionstackailab.hu\/de\/wp-json\/wp\/v2\/product_tag?post=348"}],"curies":[{"name":"wp","href":"https:\/\/api.w.org\/{rel}","templated":true}]}}