{"id":346,"date":"2026-03-19T13:33:15","date_gmt":"2026-03-19T13:33:15","guid":{"rendered":"https:\/\/pwent.lionstackailab.hu\/?post_type=product&#038;p=346"},"modified":"2026-03-19T13:35:19","modified_gmt":"2026-03-19T13:35:19","slug":"cil-sorozat-gazpalack-szarito-egyseg","status":"publish","type":"product","link":"https:\/\/pwent.lionstackailab.hu\/de\/termek\/cil-sorozat-gazpalack-szarito-egyseg\/","title":{"rendered":"CIL sorozat, g\u00e1zpalack sz\u00e1r\u00edt\u00f3 egys\u00e9g"},"content":{"rendered":"<p>4-8 \u00e1ll\u00e1sos nagy teljes\u00edtm\u00e9ny\u0171 gyors palacksz\u00e1r\u00edt\u00f3, ak\u00e1r h\u0151fokszab\u00e1lyz\u00f3val. Az alacsony nedvess\u00e9gtartalom el\u00e9r\u00e9s\u00e9hez ak\u00e1r Leveg\u0151\/Nitrog\u00e9n kombin\u00e1lt g\u00e9p is megtal\u00e1lhat\u00f3 k\u00edn\u00e1latunkban. Id\u0151z\u00edt\u0151 kapcsol\u00f3 az alapg\u00e9p r\u00e9sze, h\u0151fokszab\u00e1lyz\u00e1s rendelhet\u0151. A magas h\u0151m\u00e9rs\u00e9klet\u0171 leveg\u0151 gyors sz\u00e1rad\u00e1s tesz lehet\u0151v\u00e9!<\/p>\n<p>&nbsp;<\/p>\n<h1>Figyelem!<\/h1>\n<p>[highlight background=&#8221;&#8221; color=&#8221;&#8221;]A h\u0151m\u00e9rs\u00e9klet-\u00e1ll\u00edt\u00e1s fontos lehet olyan esetekben, mikor a sz\u00e1r\u00edt\u00f3g\u00e9pet kompozit palackokkal \u00e9s alum\u00edniumpalackokkal is haszn\u00e1lja. A kompozit g\u00e1zpalackokn\u00e1l a magas h\u0151 megs\u00e9rtheti a g\u00e1zpalackok bels\u0151 szerkezet\u00e9t, m\u00edg a k\u00f6nny\u00edtett alum\u00ednium g\u00e1zpalackokn\u00e1l esetlegesen a palack h\u0151m\u00e9rs\u00e9klete a megengedett maxim\u00e1lis h\u0151m\u00e9rs\u00e9klet f\u00f6l\u00e9 n\u0151het. Ez biztons\u00e1gi kock\u00e1zatot jelent. V\u00e1lasszon minden esetben h\u0151fokszab\u00e1lyz\u00f3val rendelkez\u0151 \u00a0modellt ha kompozit g\u00e1zpalackkal \u00e9s alum\u00ednium g\u00e1zpalackkal is dolgozik.[\/highlight]<\/p>\n<h1><\/h1>\n<h1>G\u00e1zpalack sz\u00e1r\u00edt\u00f3 el\u00e9rhet\u0151 modellek<\/h1>\n<ul>\n<li><strong>CIL 4\/4<\/strong>\u00a0&#8211; G\u00e1zpalack sz\u00e1r\u00edt\u00f3 4 \u00e1ll\u00e1sos 3 f\u00e1zis, 4 kW<\/li>\n<li><strong>CIL 4\/4-PT100<\/strong> &#8211; G\u00e1zpalack sz\u00e1r\u00edt\u00f3 4 \u00e1ll\u00e1sos 4 kW h\u0151fokszab\u00e1lyz\u00f3val<\/li>\n<li><strong>CIL6\/10<\/strong> &#8211; G\u00e1zpalack sz\u00e1r\u00edt\u00f3 6 \u00e1ll\u00e1sos 10 kW<\/li>\n<li><strong>CIL6\/10-PT100<\/strong> &#8211;\u00a0G\u00e1zpalack sz\u00e1r\u00edt\u00f3 6 \u00e1ll\u00e1sos 10 kW h\u0151fokszab\u00e1lyz\u00f3val<\/li>\n<li><strong>CIL6\/10-N-A<\/strong> &#8211;\u00a0G\u00e1zpalack sz\u00e1r\u00edt\u00f3 6 \u00e1ll\u00e1sos 10 kW h\u0151fokszab\u00e1lyz\u00f3val, automatikus \u00e1tv\u00e1lt\u00e1ssal leveg\u0151 bet\u00e1pl\u00e1l\u00e1s \u00e9s nitrog\u00e9n bet\u00e1pl\u00e1l\u00e1s k\u00f6z\u00f6tt<\/li>\n<li><strong>CIL8\/10<\/strong> &#8211; G\u00e1zpalack sz\u00e1r\u00edt\u00f3 8 \u00e1ll\u00e1sos 10 kW<\/li>\n<li><strong>CIL8\/10-PT100<\/strong> &#8211;\u00a0G\u00e1zpalack sz\u00e1r\u00edt\u00f3 8 \u00e1ll\u00e1sos 10 kW h\u0151fokszab\u00e1lyz\u00f3val<\/li>\n<li><strong>CIL8\/10-N-A<\/strong> &#8211;\u00a0G\u00e1zpalack sz\u00e1r\u00edt\u00f3 8 \u00e1ll\u00e1sos 10 kW h\u0151fokszab\u00e1lyz\u00f3val, automatikus \u00e1tv\u00e1lt\u00e1ssal leveg\u0151 bet\u00e1pl\u00e1l\u00e1s \u00e9s nitrog\u00e9n bet\u00e1pl\u00e1l\u00e1s k\u00f6z\u00f6t<\/li>\n<\/ul>\n<p>&nbsp;<\/p>\n<hr \/>\n<h3>Let\u00f6lthet\u0151 anyagok<\/h3>\n<ul>\n<li><a href=\"https:\/\/pwent.eu\/wp-content\/uploads\/2016\/04\/CIL_drying.pdf\" rel=\"\">CIL series- g\u00e1zpalack sz\u00e1r\u00edt\u00f3 egys\u00e9g <\/a><\/li>\n<\/ul>\n","protected":false},"excerpt":{"rendered":"<p>4 vagy 6 \u00e1ll\u00e1sos nagy teljes\u00edtm\u00e9ny\u0171 gyors palacksz\u00e1r\u00edt\u00f3\u00a0ak\u00e1r h\u0151fokszab\u00e1lyz\u00f3val. Az alacsony nedvess\u00e9gtartalom el\u00e9r\u00e9s\u00e9hez ak\u00e1r Leveg\u0151\/Nitrog\u00e9n kombin\u00e1lt g\u00e9p is megtal\u00e1lhat\u00f3 k\u00edn\u00e1latunkban<\/p>","protected":false},"featured_media":384,"template":"","meta":[],"product_brand":[],"product_cat":[32,58,31],"product_tag":[],"class_list":{"0":"post-346","1":"product","2":"type-product","3":"status-publish","4":"has-post-thumbnail","6":"product_cat-gazpalack-nyomasproba-es-felujitas","7":"product_cat-gazpalackszaritas","8":"product_cat-termekek","10":"first","11":"instock","12":"featured","13":"shipping-taxable","14":"purchasable","15":"product-type-variable"},"_links":{"self":[{"href":"https:\/\/pwent.lionstackailab.hu\/de\/wp-json\/wp\/v2\/product\/346","targetHints":{"allow":["GET"]}}],"collection":[{"href":"https:\/\/pwent.lionstackailab.hu\/de\/wp-json\/wp\/v2\/product"}],"about":[{"href":"https:\/\/pwent.lionstackailab.hu\/de\/wp-json\/wp\/v2\/types\/product"}],"wp:featuredmedia":[{"embeddable":true,"href":"https:\/\/pwent.lionstackailab.hu\/de\/wp-json\/wp\/v2\/media\/384"}],"wp:attachment":[{"href":"https:\/\/pwent.lionstackailab.hu\/de\/wp-json\/wp\/v2\/media?parent=346"}],"wp:term":[{"taxonomy":"product_brand","embeddable":true,"href":"https:\/\/pwent.lionstackailab.hu\/de\/wp-json\/wp\/v2\/product_brand?post=346"},{"taxonomy":"product_cat","embeddable":true,"href":"https:\/\/pwent.lionstackailab.hu\/de\/wp-json\/wp\/v2\/product_cat?post=346"},{"taxonomy":"product_tag","embeddable":true,"href":"https:\/\/pwent.lionstackailab.hu\/de\/wp-json\/wp\/v2\/product_tag?post=346"}],"curies":[{"name":"wp","href":"https:\/\/api.w.org\/{rel}","templated":true}]}}