{"id":343,"date":"2026-03-19T13:33:15","date_gmt":"2026-03-19T13:33:15","guid":{"rendered":"https:\/\/pwent.lionstackailab.hu\/?post_type=product&#038;p=343"},"modified":"2026-03-19T13:33:27","modified_gmt":"2026-03-19T13:33:27","slug":"ht350-nyomopad-tuzoltokeszulekek-es-gazpalackok-nyomasprobajahoz","status":"publish","type":"product","link":"https:\/\/pwent.lionstackailab.hu\/de\/termek\/ht350-nyomopad-tuzoltokeszulekek-es-gazpalackok-nyomasprobajahoz\/","title":{"rendered":"HT350 nyom\u00f3pad t\u0171zolt\u00f3k\u00e9sz\u00fcl\u00e9kek \u00e9s g\u00e1zpalackok nyom\u00e1spr\u00f3b\u00e1j\u00e1hoz"},"content":{"rendered":"<div>Maxim\u00e1lis nyom\u00e1s: 450 bar\u00a0Palack\u00e1ll\u00e1sok sz\u00e1ma: 4 db\u00a0Kapacit\u00e1s: 12-20 palack\/\u00f3ra. Palack\u00e1tm\u00e9r\u0151\u00a070 -220 mm, palackhossz: 300- 850 mm. K\u00e9zi satuval, nyom\u00f3pump\u00e1val felszerelt.\u00a0Alkalmas g\u00e1zpalackok \u00e9s sz\u00e9ndioxid patronok pr\u00f3b\u00e1z\u00e1s\u00e1hoz.<\/div>\n<hr \/>\n<p><strong>Let\u00f6lthet\u0151 anyagok<\/strong><\/p>\n<ul>\n<li><a href=\"https:\/\/pwent.eu\/wp-content\/uploads\/2016\/04\/HT350_testing_unit0.pdf\" rel=\"\">HT350 pr\u00f3bapad<\/a><\/li>\n<\/ul>","protected":false},"excerpt":{"rendered":"<p>Maxim\u00e1lis nyom\u00e1s: 450 bar\u00a0Palack\u00e1ll\u00e1sok sz\u00e1ma: 4 db\u00a0Kapacit\u00e1s: 12-20 palack\/\u00f3ra. Palack\u00e1tm\u00e9r\u0151\u00a070 -220 mm, palackhossz: 300- 850 mm.<\/p>","protected":false},"featured_media":381,"template":"","meta":[],"product_brand":[],"product_cat":[32,40,36,33,31],"product_tag":[59,45,43,44],"class_list":{"0":"post-343","1":"product","2":"type-product","3":"status-publish","4":"has-post-thumbnail","6":"product_cat-gazpalack-nyomasproba-es-felujitas","7":"product_cat-gazpalack-nyomasproba-rampa","8":"product_cat-muhely-porralolto-keszulek-karbantartasahoz","9":"product_cat-muhely-szendioxiddal-olto-keszulekhez","10":"product_cat-termekek","11":"product_tag-4-allas","12":"product_tag-450-bar","13":"product_tag-nyomasproba","14":"product_tag-nyomopad","16":"first","17":"instock","18":"shipping-taxable","19":"purchasable","20":"product-type-simple"},"_links":{"self":[{"href":"https:\/\/pwent.lionstackailab.hu\/de\/wp-json\/wp\/v2\/product\/343","targetHints":{"allow":["GET"]}}],"collection":[{"href":"https:\/\/pwent.lionstackailab.hu\/de\/wp-json\/wp\/v2\/product"}],"about":[{"href":"https:\/\/pwent.lionstackailab.hu\/de\/wp-json\/wp\/v2\/types\/product"}],"wp:featuredmedia":[{"embeddable":true,"href":"https:\/\/pwent.lionstackailab.hu\/de\/wp-json\/wp\/v2\/media\/381"}],"wp:attachment":[{"href":"https:\/\/pwent.lionstackailab.hu\/de\/wp-json\/wp\/v2\/media?parent=343"}],"wp:term":[{"taxonomy":"product_brand","embeddable":true,"href":"https:\/\/pwent.lionstackailab.hu\/de\/wp-json\/wp\/v2\/product_brand?post=343"},{"taxonomy":"product_cat","embeddable":true,"href":"https:\/\/pwent.lionstackailab.hu\/de\/wp-json\/wp\/v2\/product_cat?post=343"},{"taxonomy":"product_tag","embeddable":true,"href":"https:\/\/pwent.lionstackailab.hu\/de\/wp-json\/wp\/v2\/product_tag?post=343"}],"curies":[{"name":"wp","href":"https:\/\/api.w.org\/{rel}","templated":true}]}}