{"id":340,"date":"2026-03-19T13:33:15","date_gmt":"2026-03-19T13:33:15","guid":{"rendered":"https:\/\/pwent.lionstackailab.hu\/?post_type=product&#038;p=340"},"modified":"2026-03-19T13:33:26","modified_gmt":"2026-03-19T13:33:26","slug":"sv910-hasznalt-oltopor-visszanyerese-tuzoltokeszulekekbol","status":"publish","type":"product","link":"https:\/\/pwent.lionstackailab.hu\/de\/termek\/sv910-hasznalt-oltopor-visszanyerese-tuzoltokeszulekekbol\/","title":{"rendered":"SV910 haszn\u00e1lt olt\u00f3por visszanyer\u00e9se t\u0171zolt\u00f3k\u00e9sz\u00fcl\u00e9kekb\u0151l"},"content":{"rendered":"<p>Porsz\u00e1ll\u00edt\u00e1s: 12- 20 kg\/ perc. Elektromos teljes\u00edtm\u00e9ny: 0,75 KW. SV910 porvisszanyer\u0151 g\u00e9ppel ak\u00e1r t\u00falnyom\u00e1sos ak\u00e1r nyom\u00e1s n\u00e9lk\u00fcli porolt\u00f3k\u00e9sz\u00fcl\u00e9kekb\u0151l visszanyerhetj\u00fck a r\u00e9gi olt\u00f3port.<br \/>\nA visszanyer\u00e9s 25 kg-os zs\u00e1kba t\u00f6rt\u00e9nik.<\/p>\n<hr \/>\n<p><strong>Let\u00f6lthet\u0151 anyagok<\/strong><\/p>\n<ul>\n<li><a href=\"https:\/\/pwent.eu\/wp-content\/uploads\/2016\/04\/SV910.pdf\" rel=\"\">SV910- r\u00e9gi olt\u00f3por visszanyer\u0151 g\u00e9p porolt\u00f3 k\u00e9sz\u00fcl\u00e9kekhez<\/a><\/li>\n<\/ul>","protected":false},"excerpt":{"rendered":"<p>Porsz\u00e1ll\u00edt\u00e1s: 12- 20 kg\/ perc. Elektromos teljes\u00edtm\u00e9ny: 0,75 KW. SV910 porvisszanyer\u0151 g\u00e9ppel ak\u00e1r t\u00falnyom\u00e1sos ak\u00e1r nyom\u00e1s n\u00e9lk\u00fcli porolt\u00f3k\u00e9sz\u00fcl\u00e9kekb\u0151l visszanyerhetj\u00fck a r\u00e9gi olt\u00f3port.<br \/>\nA visszanyer\u00e9s 25 kg-os zs\u00e1kba t\u00f6rt\u00e9nik<\/p>","protected":false},"featured_media":378,"template":"","meta":[],"product_brand":[],"product_cat":[36,79,31],"product_tag":[85,84,93],"class_list":{"0":"post-340","1":"product","2":"type-product","3":"status-publish","4":"has-post-thumbnail","6":"product_cat-muhely-porralolto-keszulek-karbantartasahoz","7":"product_cat-portoltes-es-porvisszanyeres","8":"product_cat-termekek","9":"product_tag-oltopor","10":"product_tag-porralolto","11":"product_tag-visszanyeres","13":"first","14":"instock","15":"shipping-taxable","16":"purchasable","17":"product-type-simple"},"_links":{"self":[{"href":"https:\/\/pwent.lionstackailab.hu\/de\/wp-json\/wp\/v2\/product\/340","targetHints":{"allow":["GET"]}}],"collection":[{"href":"https:\/\/pwent.lionstackailab.hu\/de\/wp-json\/wp\/v2\/product"}],"about":[{"href":"https:\/\/pwent.lionstackailab.hu\/de\/wp-json\/wp\/v2\/types\/product"}],"wp:featuredmedia":[{"embeddable":true,"href":"https:\/\/pwent.lionstackailab.hu\/de\/wp-json\/wp\/v2\/media\/378"}],"wp:attachment":[{"href":"https:\/\/pwent.lionstackailab.hu\/de\/wp-json\/wp\/v2\/media?parent=340"}],"wp:term":[{"taxonomy":"product_brand","embeddable":true,"href":"https:\/\/pwent.lionstackailab.hu\/de\/wp-json\/wp\/v2\/product_brand?post=340"},{"taxonomy":"product_cat","embeddable":true,"href":"https:\/\/pwent.lionstackailab.hu\/de\/wp-json\/wp\/v2\/product_cat?post=340"},{"taxonomy":"product_tag","embeddable":true,"href":"https:\/\/pwent.lionstackailab.hu\/de\/wp-json\/wp\/v2\/product_tag?post=340"}],"curies":[{"name":"wp","href":"https:\/\/api.w.org\/{rel}","templated":true}]}}