{"id":304,"date":"2026-03-19T13:32:54","date_gmt":"2026-03-19T13:32:54","guid":{"rendered":"https:\/\/pwent.lionstackailab.hu\/?post_type=product&#038;p=304"},"modified":"2026-03-19T13:33:25","modified_gmt":"2026-03-19T13:33:25","slug":"totem-bag-legegyszerubb-porvisszanyeres-tuzoltokeszulekekbol","status":"publish","type":"product","link":"https:\/\/pwent.lionstackailab.hu\/de\/termek\/totem-bag-legegyszerubb-porvisszanyeres-tuzoltokeszulekekbol\/","title":{"rendered":"TOTEM-BAG legegyszer\u0171bb porvisszanyer\u00e9s t\u0171zolt\u00f3k\u00e9sz\u00fcl\u00e9kekb\u0151l"},"content":{"rendered":"<p>A visszanyert olt\u00f3por el\u0151sz\u00f6r egy k\u00f6ztes f\u00e9mtart\u00e1lyban gy\u0171lik, majd ki\u00fcr\u00edt\u00e9sre ker\u00fcl a BIG BAG zs\u00e1kba. A f\u00e9m ideiglenes t\u00e1rol\u00f3 szintjelz\u0151vel \u00e9s riaszt\u00f3val van ell\u00e1tva. A visszanyer\u0151 sz\u00edv\u00f3ventill\u00e1tor nagy teljes\u00edtm\u00e9ny\u0171 \u00e9s hat\u00e1sfok\u00fa hossz\u00fa \u00e9let\u0171 sz\u0171r\u0151patronnal szerelve.<\/p>\n<hr \/>\n<p><strong>Let\u00f6lthet\u0151 amyagok<\/strong><\/p>\n<ul>\n<li><a href=\"https:\/\/pwent.eu\/wp-content\/uploads\/2016\/04\/Totem-BAG_ing.pdf\" rel=\"\">TOTEM-BAG k\u00f6lts\u00e9ghat\u00e9kony r\u00e9gi olt\u00f3por visszanyer\u00e9s bag-ba<\/a><\/li>\n<\/ul>","protected":false},"excerpt":{"rendered":"<p>A legk\u00f6nnyebb \u00e9s legegyszer\u0171bb porvisszanyer\u00e9s BIG-BAG zs\u00e1kba.\u00a012\/15 kg\/ perc porvisszanyer\u00e9s.\u00a0A visszanyert olt\u00f3por el\u0151sz\u00f6r egy k\u00f6ztes f\u00e9mtart\u00e1lyban gy\u0171lik, majd ki\u00fcr\u00edt\u00e9sre ker\u00fcl a BIG BAG zs\u00e1kba<\/p>","protected":false},"featured_media":377,"template":"","meta":[],"product_brand":[],"product_cat":[36,79,31],"product_tag":[92,84,82,93],"class_list":{"0":"post-304","1":"product","2":"type-product","3":"status-publish","4":"has-post-thumbnail","6":"product_cat-muhely-porralolto-keszulek-karbantartasahoz","7":"product_cat-portoltes-es-porvisszanyeres","8":"product_cat-termekek","9":"product_tag-big-bag","10":"product_tag-porralolto","11":"product_tag-porvisszanyeres","12":"product_tag-visszanyeres","14":"first","15":"instock","16":"shipping-taxable","17":"purchasable","18":"product-type-simple"},"_links":{"self":[{"href":"https:\/\/pwent.lionstackailab.hu\/de\/wp-json\/wp\/v2\/product\/304","targetHints":{"allow":["GET"]}}],"collection":[{"href":"https:\/\/pwent.lionstackailab.hu\/de\/wp-json\/wp\/v2\/product"}],"about":[{"href":"https:\/\/pwent.lionstackailab.hu\/de\/wp-json\/wp\/v2\/types\/product"}],"wp:featuredmedia":[{"embeddable":true,"href":"https:\/\/pwent.lionstackailab.hu\/de\/wp-json\/wp\/v2\/media\/377"}],"wp:attachment":[{"href":"https:\/\/pwent.lionstackailab.hu\/de\/wp-json\/wp\/v2\/media?parent=304"}],"wp:term":[{"taxonomy":"product_brand","embeddable":true,"href":"https:\/\/pwent.lionstackailab.hu\/de\/wp-json\/wp\/v2\/product_brand?post=304"},{"taxonomy":"product_cat","embeddable":true,"href":"https:\/\/pwent.lionstackailab.hu\/de\/wp-json\/wp\/v2\/product_cat?post=304"},{"taxonomy":"product_tag","embeddable":true,"href":"https:\/\/pwent.lionstackailab.hu\/de\/wp-json\/wp\/v2\/product_tag?post=304"}],"curies":[{"name":"wp","href":"https:\/\/api.w.org\/{rel}","templated":true}]}}