{"id":302,"date":"2026-03-19T13:32:54","date_gmt":"2026-03-19T13:32:54","guid":{"rendered":"https:\/\/pwent.lionstackailab.hu\/?post_type=product&#038;p=302"},"modified":"2026-03-19T13:33:19","modified_gmt":"2026-03-19T13:33:19","slug":"totem-galaxy-minden-tuzoltokeszulek-es-nagy-tartaly-karbantartasahoz","status":"publish","type":"product","link":"https:\/\/pwent.lionstackailab.hu\/de\/termek\/totem-galaxy-minden-tuzoltokeszulek-es-nagy-tartaly-karbantartasahoz\/","title":{"rendered":"TOTEM GALAXY minden t\u0171zolt\u00f3k\u00e9sz\u00fcl\u00e9k \u00e9s nagy tart\u00e1ly karbantart\u00e1s\u00e1hoz"},"content":{"rendered":"<p>A g\u00e9p speci\u00e1lisan telep\u00edtett\/be\u00e9p\u00edtett portart\u00e1lyok karbantart\u00e1s\u00e1hoz k\u00e9sz\u00fclt (15-20 kg\/perc).\u00a0A Port\u00f6lt\u0151 \u00e9s porvisszanyer\u0151 funkci\u00f3 nem csak hordozhat\u00f3 porolt\u00f3kn\u00e1l de ak\u00e1r fixen ak\u00e1r t\u0171zolt\u00f3aut\u00f3ra telep\u00edtett portart\u00e1lyokn\u00e1l is elv\u00e9gezhet\u0151.<\/p>\n<hr \/>\n<h3><strong>Let\u00f6lthet\u0151 anyagok<\/strong><\/h3>\n<ul>\n<li><a href=\"https:\/\/pwent.eu\/wp-content\/uploads\/2016\/04\/Totem-Galaxy.pdf\" rel=\"\">Totem Galaxy<\/a><\/li>\n<\/ul>","protected":false},"excerpt":{"rendered":"<p>A g\u00e9p speci\u00e1lisan telep\u00edtett\/be\u00e9p\u00edtett portart\u00e1lyok karbantart\u00e1s\u00e1hoz k\u00e9sz\u00fclt (15-20 kg\/perc).\u00a0A Port\u00f6lt\u0151 \u00e9s porvisszanyer\u0151 funkci\u00f3 nem csak hordozhat\u00f3 porolt\u00f3kn\u00e1l de ak\u00e1r fixen ak\u00e1r t\u0171zolt\u00f3aut\u00f3ra telep\u00edtett portart\u00e1lyokn\u00e1l is elv\u00e9gezhet\u0151. 1,5 kW teljes\u00edtm\u00e9ny, 15-20 kg\/perc porsz\u00e1ll\u00edt\u00e1s<\/p>","protected":false},"featured_media":367,"template":"","meta":[],"product_brand":[],"product_cat":[36,79],"product_tag":[86,81,82],"class_list":{"0":"post-302","1":"product","2":"type-product","3":"status-publish","4":"has-post-thumbnail","6":"product_cat-muhely-porralolto-keszulek-karbantartasahoz","7":"product_cat-portoltes-es-porvisszanyeres","8":"product_tag-galaxy","9":"product_tag-portoltes","10":"product_tag-porvisszanyeres","12":"first","13":"instock","14":"shipping-taxable","15":"purchasable","16":"product-type-simple"},"_links":{"self":[{"href":"https:\/\/pwent.lionstackailab.hu\/de\/wp-json\/wp\/v2\/product\/302","targetHints":{"allow":["GET"]}}],"collection":[{"href":"https:\/\/pwent.lionstackailab.hu\/de\/wp-json\/wp\/v2\/product"}],"about":[{"href":"https:\/\/pwent.lionstackailab.hu\/de\/wp-json\/wp\/v2\/types\/product"}],"wp:featuredmedia":[{"embeddable":true,"href":"https:\/\/pwent.lionstackailab.hu\/de\/wp-json\/wp\/v2\/media\/367"}],"wp:attachment":[{"href":"https:\/\/pwent.lionstackailab.hu\/de\/wp-json\/wp\/v2\/media?parent=302"}],"wp:term":[{"taxonomy":"product_brand","embeddable":true,"href":"https:\/\/pwent.lionstackailab.hu\/de\/wp-json\/wp\/v2\/product_brand?post=302"},{"taxonomy":"product_cat","embeddable":true,"href":"https:\/\/pwent.lionstackailab.hu\/de\/wp-json\/wp\/v2\/product_cat?post=302"},{"taxonomy":"product_tag","embeddable":true,"href":"https:\/\/pwent.lionstackailab.hu\/de\/wp-json\/wp\/v2\/product_tag?post=302"}],"curies":[{"name":"wp","href":"https:\/\/api.w.org\/{rel}","templated":true}]}}