{"id":301,"date":"2026-03-19T13:32:54","date_gmt":"2026-03-19T13:32:54","guid":{"rendered":"https:\/\/pwent.lionstackailab.hu\/?post_type=product&#038;p=301"},"modified":"2026-03-19T13:33:18","modified_gmt":"2026-03-19T13:33:18","slug":"totem-auto-bag-automata-toltoallomas-poroltokhoz","status":"publish","type":"product","link":"https:\/\/pwent.lionstackailab.hu\/de\/termek\/totem-auto-bag-automata-toltoallomas-poroltokhoz\/","title":{"rendered":"TOTEM AUTO BAG automata t\u00f6lt\u0151\u00e1llom\u00e1s porolt\u00f3khoz"},"content":{"rendered":"<p>Teljes\u00edtm\u00e9ny: 500- 600 porolt\u00f3\/ nap. PLC \u00e9s automata m\u00e9rleg \u00e1ltal vez\u00e9relt teljesen automata rendszer 1-12 kg-os porralolt\u00f3 \u00e9s kerekes porral olt\u00f3 \u00fajrat\u00f6lt\u00e9s\u00e9hez. A rendszer tartalma egy 1 tonn\u00e1s sil\u00f3 ami az \u00faj olt\u00f3port tartalmazza. A silo \u00e9s a porral-olt\u00f3k felt\u00f6lt\u00e9se nagy teljes\u00edtm\u00e9ny\u0171 v\u00e1kuumpump\u00e1val t\u00f6rt\u00e9nik.<\/p>\n<hr \/>\n<p><strong>Let\u00f6lthet\u0151 anyagok<\/strong><\/p>\n<ul>\n<li><a href=\"https:\/\/pwent.eu\/wp-content\/uploads\/2016\/04\/Totem_AUTO_BAG.pdf\" rel=\"\">Totem_AUTO_BAG Cs\u00facskateg\u00f3ri\u00e1s automata t\u00f6meges karbantart\u00e1shoz<\/a><\/li>\n<\/ul>","protected":false},"excerpt":{"rendered":"<p>Teljes\u00edtm\u00e9ny: 500- 600 porolt\u00f3\/ nap. PLC \u00e9s automata m\u00e9rleg \u00e1ltal vez\u00e9relt teljesen automata rendszer 1-12 kg-os porralolt\u00f3 \u00e9s kerekes porral olt\u00f3 \u00fajrat\u00f6lt\u00e9s\u00e9hez. A rendszer tartalma egy 1 tonn\u00e1s sil\u00f3 ami az \u00faj olt\u00f3port tartalmazza<\/p>","protected":false},"featured_media":366,"template":"","meta":[],"product_brand":[],"product_cat":[36,79],"product_tag":[],"class_list":{"0":"post-301","1":"product","2":"type-product","3":"status-publish","4":"has-post-thumbnail","6":"product_cat-muhely-porralolto-keszulek-karbantartasahoz","7":"product_cat-portoltes-es-porvisszanyeres","9":"first","10":"instock","11":"featured","12":"shipping-taxable","13":"purchasable","14":"product-type-simple"},"_links":{"self":[{"href":"https:\/\/pwent.lionstackailab.hu\/de\/wp-json\/wp\/v2\/product\/301","targetHints":{"allow":["GET"]}}],"collection":[{"href":"https:\/\/pwent.lionstackailab.hu\/de\/wp-json\/wp\/v2\/product"}],"about":[{"href":"https:\/\/pwent.lionstackailab.hu\/de\/wp-json\/wp\/v2\/types\/product"}],"wp:featuredmedia":[{"embeddable":true,"href":"https:\/\/pwent.lionstackailab.hu\/de\/wp-json\/wp\/v2\/media\/366"}],"wp:attachment":[{"href":"https:\/\/pwent.lionstackailab.hu\/de\/wp-json\/wp\/v2\/media?parent=301"}],"wp:term":[{"taxonomy":"product_brand","embeddable":true,"href":"https:\/\/pwent.lionstackailab.hu\/de\/wp-json\/wp\/v2\/product_brand?post=301"},{"taxonomy":"product_cat","embeddable":true,"href":"https:\/\/pwent.lionstackailab.hu\/de\/wp-json\/wp\/v2\/product_cat?post=301"},{"taxonomy":"product_tag","embeddable":true,"href":"https:\/\/pwent.lionstackailab.hu\/de\/wp-json\/wp\/v2\/product_tag?post=301"}],"curies":[{"name":"wp","href":"https:\/\/api.w.org\/{rel}","templated":true}]}}