{"id":299,"date":"2026-03-19T13:32:53","date_gmt":"2026-03-19T13:32:53","guid":{"rendered":"https:\/\/pwent.lionstackailab.hu\/?post_type=product&#038;p=299"},"modified":"2026-03-19T13:33:17","modified_gmt":"2026-03-19T13:33:17","slug":"totem-mts-mobil-portolto-es-porvisszanyero-gep","status":"publish","type":"product","link":"https:\/\/pwent.lionstackailab.hu\/de\/termek\/totem-mts-mobil-portolto-es-porvisszanyero-gep\/","title":{"rendered":"TOTEM MTS mobil port\u00f6lt\u0151 \u00e9s porvisszanyer\u0151 g\u00e9p"},"content":{"rendered":"<p>Nagy teljes\u00edtm\u00e9ny, 120 porolt\u00f3\/ nap. Mobil kivitel. K\u00f6nnyen m\u0171helykocsiba szerelhet\u0151.Kompakt formatervez\u00e9s, cs\u00f6kkentett elektromos fogyaszt\u00e1s,alacsony zajszint, gyors munka. 1 f\u00e1zis\u00fa \u00e9s 3 f\u00e1zis\u00fa kivitelben is. Nagy mennyis\u00e9g\u0171 m\u0171helyek r\u00e9sz\u00e9re aj\u00e1nljuk folyamatos \u00fczemre.<\/p>\n<hr \/>\n<p><strong>Let\u00f6lthet\u0151 anyagok<\/strong><\/p>\n<ul>\n<li><a href=\"https:\/\/pwent.eu\/wp-content\/uploads\/2016\/05\/Totem-MTS.pdf\" rel=\"\">Totem MTS mobil port\u00f6lt\u0151 berendez\u00e9s<\/a><\/li>\n<\/ul>","protected":false},"excerpt":{"rendered":"<p>Nagy teljes\u00edtm\u00e9ny, 120 porolt\u00f3\/ nap. Mobil kivitel. K\u00f6nnyen m\u0171helykocsiba szerelhet\u0151.Kompakt formatervez\u00e9s. Folyamatos 8 \u00f3r\u00e1s \u00fczem<\/p>","protected":false},"featured_media":364,"template":"","meta":[],"product_brand":[],"product_cat":[36,79],"product_tag":[80,85,81,82],"class_list":{"0":"post-299","1":"product","2":"type-product","3":"status-publish","4":"has-post-thumbnail","6":"product_cat-muhely-porralolto-keszulek-karbantartasahoz","7":"product_cat-portoltes-es-porvisszanyeres","8":"product_tag-mobil","9":"product_tag-oltopor","10":"product_tag-portoltes","11":"product_tag-porvisszanyeres","13":"first","14":"instock","15":"shipping-taxable","16":"purchasable","17":"product-type-simple"},"_links":{"self":[{"href":"https:\/\/pwent.lionstackailab.hu\/de\/wp-json\/wp\/v2\/product\/299","targetHints":{"allow":["GET"]}}],"collection":[{"href":"https:\/\/pwent.lionstackailab.hu\/de\/wp-json\/wp\/v2\/product"}],"about":[{"href":"https:\/\/pwent.lionstackailab.hu\/de\/wp-json\/wp\/v2\/types\/product"}],"wp:featuredmedia":[{"embeddable":true,"href":"https:\/\/pwent.lionstackailab.hu\/de\/wp-json\/wp\/v2\/media\/364"}],"wp:attachment":[{"href":"https:\/\/pwent.lionstackailab.hu\/de\/wp-json\/wp\/v2\/media?parent=299"}],"wp:term":[{"taxonomy":"product_brand","embeddable":true,"href":"https:\/\/pwent.lionstackailab.hu\/de\/wp-json\/wp\/v2\/product_brand?post=299"},{"taxonomy":"product_cat","embeddable":true,"href":"https:\/\/pwent.lionstackailab.hu\/de\/wp-json\/wp\/v2\/product_cat?post=299"},{"taxonomy":"product_tag","embeddable":true,"href":"https:\/\/pwent.lionstackailab.hu\/de\/wp-json\/wp\/v2\/product_tag?post=299"}],"curies":[{"name":"wp","href":"https:\/\/api.w.org\/{rel}","templated":true}]}}