{"id":297,"date":"2026-03-19T13:32:53","date_gmt":"2026-03-19T13:32:53","guid":{"rendered":"https:\/\/pwent.lionstackailab.hu\/?post_type=product&#038;p=297"},"modified":"2026-03-19T13:33:16","modified_gmt":"2026-03-19T13:33:16","slug":"totem-e-alapkeszulek-porolto-toltesere-visszanyeresere","status":"publish","type":"product","link":"https:\/\/pwent.lionstackailab.hu\/de\/termek\/totem-e-alapkeszulek-porolto-toltesere-visszanyeresere\/","title":{"rendered":"TOTEM E alapk\u00e9sz\u00fcl\u00e9k porolt\u00f3 t\u00f6lt\u00e9s\u00e9re, visszanyer\u00e9s\u00e9re"},"content":{"rendered":"<p>Port\u00f6lt\u0151 g\u00e9p nem folyamatos \u00fczemre, napi 20-30 porolt\u00f3hoz. Meger\u0151s\u00edtett v\u00e1zszerkezet, nem \u00f6sszecsukhat\u00f3 kivitel.\u00a0A g\u00e9ppel \u00a0porolt\u00f3hoz k\u00f6t\u0151d\u0151 karbantart\u00e1si ig\u00e9ny l\u00e1that\u00f3 el.\u00a0A g\u00e9p alkalmas olt\u00f3por visszanyer\u00e9s\u00e9re, t\u00f6lt\u00e9s\u00e9re. Cs\u00fasz\u00f3lemezek haszn\u00e1lat\u00e1val m\u0171helykocsira szerelhet\u0151.<\/p>\n<hr \/>\n<p><strong>Let\u00f6lthet\u0151 anyagok<\/strong><\/p>\n<ul>\n<li><a href=\"https:\/\/pwent.eu\/wp-content\/uploads\/2016\/04\/Totem-E.pdf\" rel=\"\">Totem E<\/a><\/li>\n<\/ul>","protected":false},"excerpt":{"rendered":"<p>Port\u00f6lt\u0151 g\u00e9p nem folyamatos \u00fczemre, napi 20-30 porolt\u00f3hoz. Meger\u0151s\u00edtett v\u00e1zszerkezet, nem \u00f6sszecsukhat\u00f3 kivitel.<\/p>","protected":false},"featured_media":362,"template":"","meta":[],"product_brand":[],"product_cat":[36,79],"product_tag":[81,82],"class_list":{"0":"post-297","1":"product","2":"type-product","3":"status-publish","4":"has-post-thumbnail","6":"product_cat-muhely-porralolto-keszulek-karbantartasahoz","7":"product_cat-portoltes-es-porvisszanyeres","8":"product_tag-portoltes","9":"product_tag-porvisszanyeres","11":"first","12":"instock","13":"shipping-taxable","14":"purchasable","15":"product-type-simple"},"_links":{"self":[{"href":"https:\/\/pwent.lionstackailab.hu\/de\/wp-json\/wp\/v2\/product\/297","targetHints":{"allow":["GET"]}}],"collection":[{"href":"https:\/\/pwent.lionstackailab.hu\/de\/wp-json\/wp\/v2\/product"}],"about":[{"href":"https:\/\/pwent.lionstackailab.hu\/de\/wp-json\/wp\/v2\/types\/product"}],"wp:featuredmedia":[{"embeddable":true,"href":"https:\/\/pwent.lionstackailab.hu\/de\/wp-json\/wp\/v2\/media\/362"}],"wp:attachment":[{"href":"https:\/\/pwent.lionstackailab.hu\/de\/wp-json\/wp\/v2\/media?parent=297"}],"wp:term":[{"taxonomy":"product_brand","embeddable":true,"href":"https:\/\/pwent.lionstackailab.hu\/de\/wp-json\/wp\/v2\/product_brand?post=297"},{"taxonomy":"product_cat","embeddable":true,"href":"https:\/\/pwent.lionstackailab.hu\/de\/wp-json\/wp\/v2\/product_cat?post=297"},{"taxonomy":"product_tag","embeddable":true,"href":"https:\/\/pwent.lionstackailab.hu\/de\/wp-json\/wp\/v2\/product_tag?post=297"}],"curies":[{"name":"wp","href":"https:\/\/api.w.org\/{rel}","templated":true}]}}