{"id":296,"date":"2026-03-19T13:32:53","date_gmt":"2026-03-19T13:32:53","guid":{"rendered":"https:\/\/pwent.lionstackailab.hu\/?post_type=product&#038;p=296"},"modified":"2026-03-19T13:33:14","modified_gmt":"2026-03-19T13:33:14","slug":"totem-m-mobil-portolto-es-porvisszanyero-egyseg","status":"publish","type":"product","link":"https:\/\/pwent.lionstackailab.hu\/de\/termek\/totem-m-mobil-portolto-es-porvisszanyero-egyseg\/","title":{"rendered":"Totem-M mobil port\u00f6lt\u0151 \u00e9s porvisszanyer\u0151 egys\u00e9g"},"content":{"rendered":"<p>Jellemz\u0151je a k\u00f6nny\u0171 sz\u00e1ll\u00edthat\u00f3s\u00e1g, cs\u00f6kkentett s\u00faly. A g\u00e9p teljes\u00edtm\u00e9nye 20-30 porolt\u00f3 k\u00e9sz\u00fcl\u00e9k\/ nap. Porsz\u00e1ll\u00edt\u00e1s: 8-12 kg\/ perc. A g\u00e9ppel a porolt\u00f3hoz k\u00f6t\u0151d\u0151 karbantart\u00e1si ig\u00e9ny l\u00e1that\u00f3 el.A TOTEM M speci\u00e1lisan a helysz\u00ednen t\u00f6rt\u00e9n\u0151 szerv\u00edzel\u00e9sre lett kifejlesztve.<\/p>\n<hr \/>\n<p><strong>Let\u00f6lthet\u0151 anyagok<\/strong><\/p>\n<p><a href=\"https:\/\/pwent.eu\/wp-content\/uploads\/2016\/04\/Totem-M-3.pdf\" rel=\"\">TOTEM M &#8211; Olt\u00f3por t\u00f6lt\u00e9se \u00e9s visszanyer\u00e9s\u00e9re alkalmas mobil g\u00e9p<\/a><\/p>","protected":false},"excerpt":{"rendered":"<p>Jellemz\u0151je a k\u00f6nny\u0171 sz\u00e1ll\u00edthat\u00f3s\u00e1g, cs\u00f6kkentett s\u00faly. A g\u00e9p teljes\u00edtm\u00e9nye 20-30 porolt\u00f3 k\u00e9sz\u00fcl\u00e9k\/ nap. Porsz\u00e1ll\u00edt\u00e1s: 8-12 kg\/ perc. Nem folyamatos \u00fczemre,\u00a0speci\u00e1lisan a helysz\u00ednen t\u00f6rt\u00e9n\u0151 szervizel\u00e9sre lett kifejlesztve<\/p>","protected":false},"featured_media":333,"template":"","meta":[],"product_brand":[],"product_cat":[36,78,79],"product_tag":[80],"class_list":{"0":"post-296","1":"product","2":"type-product","3":"status-publish","4":"has-post-thumbnail","6":"product_cat-muhely-porralolto-keszulek-karbantartasahoz","7":"product_cat-nem-kategorizalt","8":"product_cat-portoltes-es-porvisszanyeres","9":"product_tag-mobil","11":"first","12":"instock","13":"featured","14":"shipping-taxable","15":"purchasable","16":"product-type-simple"},"_links":{"self":[{"href":"https:\/\/pwent.lionstackailab.hu\/de\/wp-json\/wp\/v2\/product\/296","targetHints":{"allow":["GET"]}}],"collection":[{"href":"https:\/\/pwent.lionstackailab.hu\/de\/wp-json\/wp\/v2\/product"}],"about":[{"href":"https:\/\/pwent.lionstackailab.hu\/de\/wp-json\/wp\/v2\/types\/product"}],"wp:featuredmedia":[{"embeddable":true,"href":"https:\/\/pwent.lionstackailab.hu\/de\/wp-json\/wp\/v2\/media\/333"}],"wp:attachment":[{"href":"https:\/\/pwent.lionstackailab.hu\/de\/wp-json\/wp\/v2\/media?parent=296"}],"wp:term":[{"taxonomy":"product_brand","embeddable":true,"href":"https:\/\/pwent.lionstackailab.hu\/de\/wp-json\/wp\/v2\/product_brand?post=296"},{"taxonomy":"product_cat","embeddable":true,"href":"https:\/\/pwent.lionstackailab.hu\/de\/wp-json\/wp\/v2\/product_cat?post=296"},{"taxonomy":"product_tag","embeddable":true,"href":"https:\/\/pwent.lionstackailab.hu\/de\/wp-json\/wp\/v2\/product_tag?post=296"}],"curies":[{"name":"wp","href":"https:\/\/api.w.org\/{rel}","templated":true}]}}