{"id":293,"date":"2026-03-19T13:32:53","date_gmt":"2026-03-19T13:32:53","guid":{"rendered":"https:\/\/pwent.lionstackailab.hu\/?post_type=product&#038;p=293"},"modified":"2026-03-19T13:33:09","modified_gmt":"2026-03-19T13:33:09","slug":"air15-pneumatikus-satu","status":"publish","type":"product","link":"https:\/\/pwent.lionstackailab.hu\/de\/termek\/air15-pneumatikus-satu\/","title":{"rendered":"AIR15 Pneumatikventil"},"content":{"rendered":"<p>Pneumatikus, falra szerelhet\u0151, kis erej\u0171, satu 70-220 mm \u00e1tm\u00e9r\u0151j\u0171 o-gy\u0171r\u0171s porral \u00e9s sz\u00e9ndioxiddal olt\u00f3 t\u0171zolt\u00f3 k\u00e9sz\u00fcl\u00e9kekhez. Sz\u00fcks\u00e9ges leveg\u0151nyom\u00e1s 10 bar \u00a0Sz\u00e1ll\u00edt\u00e1si param\u00e9terek: 800 X 300 X 300 mm, S\u00faly: 18 kg.<\/p>\n<hr \/>\n<h3>Let\u00f6lthet\u0151 anyagok<\/h3>\n<ul>\n<li><a href=\"http:\/\/pwent.eu\/wp-content\/uploads\/2016\/04\/AIR_pneumatic_vices.pdf\" rel=\"\">Air pneumatikus szor\u00edt\u00f3 g\u00e1zpalackok befog\u00e1s\u00e1hoz<\/a><\/li>\n<\/ul>","protected":false},"excerpt":{"rendered":"<p>Falra szerelhet\u0151, pneumatikus, kis erej\u0171, satu 70-220 mm \u00e1tm\u00e9r\u0151j\u0171 o-gy\u0171r\u0171s porral \u00e9s sz\u00e9ndioxiddal olt\u00f3 t\u0171zolt\u00f3 k\u00e9sz\u00fcl\u00e9kekhez<\/p>","protected":false},"featured_media":330,"template":"","meta":[],"product_brand":[],"product_cat":[32,36,33,34],"product_tag":[35,68],"class_list":{"0":"post-293","1":"product","2":"type-product","3":"status-publish","4":"has-post-thumbnail","6":"product_cat-gazpalack-nyomasproba-es-felujitas","7":"product_cat-muhely-porralolto-keszulek-karbantartasahoz","8":"product_cat-muhely-szendioxiddal-olto-keszulekhez","9":"product_cat-szelepszereles","10":"product_tag-szelepeles","11":"product_tag-tuzoltokeszulek","13":"first","14":"instock","15":"shipping-taxable","16":"purchasable","17":"product-type-simple"},"_links":{"self":[{"href":"https:\/\/pwent.lionstackailab.hu\/de\/wp-json\/wp\/v2\/product\/293","targetHints":{"allow":["GET"]}}],"collection":[{"href":"https:\/\/pwent.lionstackailab.hu\/de\/wp-json\/wp\/v2\/product"}],"about":[{"href":"https:\/\/pwent.lionstackailab.hu\/de\/wp-json\/wp\/v2\/types\/product"}],"wp:featuredmedia":[{"embeddable":true,"href":"https:\/\/pwent.lionstackailab.hu\/de\/wp-json\/wp\/v2\/media\/330"}],"wp:attachment":[{"href":"https:\/\/pwent.lionstackailab.hu\/de\/wp-json\/wp\/v2\/media?parent=293"}],"wp:term":[{"taxonomy":"product_brand","embeddable":true,"href":"https:\/\/pwent.lionstackailab.hu\/de\/wp-json\/wp\/v2\/product_brand?post=293"},{"taxonomy":"product_cat","embeddable":true,"href":"https:\/\/pwent.lionstackailab.hu\/de\/wp-json\/wp\/v2\/product_cat?post=293"},{"taxonomy":"product_tag","embeddable":true,"href":"https:\/\/pwent.lionstackailab.hu\/de\/wp-json\/wp\/v2\/product_tag?post=293"}],"curies":[{"name":"wp","href":"https:\/\/api.w.org\/{rel}","templated":true}]}}