{"id":292,"date":"2026-03-19T13:32:53","date_gmt":"2026-03-19T13:32:53","guid":{"rendered":"https:\/\/pwent.lionstackailab.hu\/?post_type=product&#038;p=292"},"modified":"2026-03-19T13:33:08","modified_gmt":"2026-03-19T13:33:08","slug":"n7-4-pneumatikus-nyomopumpa","status":"publish","type":"product","link":"https:\/\/pwent.lionstackailab.hu\/de\/termek\/n7-4-pneumatikus-nyomopumpa\/","title":{"rendered":"N7\/4 pneumatikus nyom\u00f3pumpa"},"content":{"rendered":"<p>Max nyom\u00e1s:450 bar.<span style=\"font-family: 'Georgia','serif'; color: #212121;\"> N7\/4 seg\u00edts\u00e9g\u00e9vel k\u00f6nnyed\u00e9n be tudja \u00e1ll\u00edtani a k\u00edv\u00e1nt nyom\u00e1st . Ezt a k\u00e9sz\u00fcl\u00e9ket \u00fagy tervezt\u00e9k, hogy nedves, vizes k\u00f6rnyezetben is haszn\u00e1lhat\u00f3 legyen. A pneumatikus meghajt\u00e1s, az\u00a0elektromos \u00e1ram teljes hi\u00e1nya teszi haszn\u00e1lat\u00e1t abszol\u00fat biztons\u00e1goss\u00e1. A bej\u00f6v\u0151\u00a0leveg\u0151 nyom\u00e1s \u00e1ll\u00edt\u00e1s\u00e1val lehets\u00e9ges , hogy be\u00e1ll\u00edtsa a maxim\u00e1lis vizsg\u00e1lati nyom\u00e1st. A &#8222;M\u0171szaki adatok&#8221; jelzik minden el\u00e9rhet\u0151 nyom\u00e1st a verzi\u00f3 f\u00fcggv\u00e9ny\u00e9ben.<\/span><\/p>\n<p><strong>N7\/4 (MACP015-01):\u00a0<\/strong>A pumpa\u00a0ac\u00e9l szerkezetre van szerelve, hogy stabilan \u00e1llhasson a padl\u00f3n<\/p>\n<p><strong>N7\/4-T( MACP015-02):\u00a0<\/strong>A pumpa mobil kocsira van felszerelve &#8211; CADDIE BENCH modell. Tov\u00e1bb\u00e1 fel van szerelve teszt r\u00e1mp\u00e1val , HT modell. A r\u00e1mp\u00e1t \u00e9s a szivatty\u00fat m\u00e1r \u00f6sszeszerelt\u00fck, hogy az nyom\u00e1spr\u00f3b\u00e1z\u00e1sra k\u00e9szen \u00e1lljon<\/p>\n<p><strong>N7\/4-T( MACP015-03):\u00a0<\/strong>A pumpa falra szerelhet\u0151. Tov\u00e1bb\u00e1 fel van szerelve 1 \u00e1ll\u00e1sos teszt r\u00e1mp\u00e1val , HT modell. A r\u00e1mp\u00e1t \u00e9s a szivatty\u00fat m\u00e1r \u00f6sszeszerelt\u00fck, hogy az nyom\u00e1spr\u00f3b\u00e1z\u00e1sra k\u00e9szen \u00e1lljon<\/p>\n<hr \/>\n<p><strong>Let\u00f6lthet\u0151 anyagok<\/strong><\/p>\n<ul>\n<li><a href=\"https:\/\/pwent.eu\/wp-content\/uploads\/2016\/04\/N7-4_test_pump.pdf\" rel=\"\">N7\/4 modell pumpa v\u00edznyom\u00e1spr\u00f3b\u00e1hoz<\/a><\/li>\n<\/ul>","protected":false},"excerpt":{"rendered":"<p>Max nyom\u00e1s:450 bar.<span style=\"font-family: 'Georgia','serif'; color: #212121;\">\u00a0Ezt a k\u00e9sz\u00fcl\u00e9ket \u00fagy tervezt\u00e9k, hogy nedves, vizes k\u00f6rnyezetben is haszn\u00e1lhat\u00f3 legyen. <\/span>Ezt a k\u00e9sz\u00fcl\u00e9ket \u00fagy tervezt\u00e9k, hogy nedves vagy vizes k\u00f6rnyezetben legyen haszn\u00e1lhat\u00f3 elektromos \u00e1ram \u00e1ram teljes hi\u00e1ny\u00e1val, ez teszi abszol\u00fat \u00fczembiztoss\u00e1<\/p>","protected":false},"featured_media":329,"template":"","meta":[],"product_brand":[],"product_cat":[32,64,31],"product_tag":[45,66,67],"class_list":{"0":"post-292","1":"product","2":"type-product","3":"status-publish","4":"has-post-thumbnail","6":"product_cat-gazpalack-nyomasproba-es-felujitas","7":"product_cat-nyomasproba-szivattyu","8":"product_cat-termekek","9":"product_tag-450-bar","10":"product_tag-nyomopumpa","11":"product_tag-pneumatikus","13":"first","14":"instock","15":"shipping-taxable","16":"purchasable","17":"product-type-simple"},"_links":{"self":[{"href":"https:\/\/pwent.lionstackailab.hu\/de\/wp-json\/wp\/v2\/product\/292","targetHints":{"allow":["GET"]}}],"collection":[{"href":"https:\/\/pwent.lionstackailab.hu\/de\/wp-json\/wp\/v2\/product"}],"about":[{"href":"https:\/\/pwent.lionstackailab.hu\/de\/wp-json\/wp\/v2\/types\/product"}],"wp:featuredmedia":[{"embeddable":true,"href":"https:\/\/pwent.lionstackailab.hu\/de\/wp-json\/wp\/v2\/media\/329"}],"wp:attachment":[{"href":"https:\/\/pwent.lionstackailab.hu\/de\/wp-json\/wp\/v2\/media?parent=292"}],"wp:term":[{"taxonomy":"product_brand","embeddable":true,"href":"https:\/\/pwent.lionstackailab.hu\/de\/wp-json\/wp\/v2\/product_brand?post=292"},{"taxonomy":"product_cat","embeddable":true,"href":"https:\/\/pwent.lionstackailab.hu\/de\/wp-json\/wp\/v2\/product_cat?post=292"},{"taxonomy":"product_tag","embeddable":true,"href":"https:\/\/pwent.lionstackailab.hu\/de\/wp-json\/wp\/v2\/product_tag?post=292"}],"curies":[{"name":"wp","href":"https:\/\/api.w.org\/{rel}","templated":true}]}}