{"id":291,"date":"2026-03-19T13:32:53","date_gmt":"2026-03-19T13:32:53","guid":{"rendered":"https:\/\/pwent.lionstackailab.hu\/?post_type=product&#038;p=291"},"modified":"2026-03-19T13:33:07","modified_gmt":"2026-03-19T13:33:07","slug":"n7-15-elektromos-magasnyomasu-tesztpumpa","status":"publish","type":"product","link":"https:\/\/pwent.lionstackailab.hu\/de\/termek\/n7-15-elektromos-magasnyomasu-tesztpumpa\/","title":{"rendered":"N7\/15 elektromos magasnyom\u00e1s\u00fa tesztpumpa"},"content":{"rendered":"<p style=\"line-height: 18.0pt; background: white;\">Max nyom\u00e1s : 500 bar Max \u00e1raml\u00e1si sebess\u00e9g: 7 liter-3 liter\/1 perc. Az elektromos meghajt\u00e1s\u00fa teszt pumpa k\u00e9pes elv\u00e9gezni v\u00edznyom\u00e1spr\u00f3ba vizsg\u00e1latot 500 nyom\u00e1sig a verzi\u00f3t\u00f3l f\u00fcggetlen\u00fcl. A pump\u00e1t rozsdamentes ac\u00e9l szerkezetre telep\u00edtett\u00fck, ami r\u00f6gz\u00edthet\u0151 a padl\u00f3hoz. A pumpa sz\u00e1ll\u00edt\u00e1sa villanymotor \u00e9s kieg\u00e9sz\u00edt\u0151k lehet\u0151v\u00e9 teszik a kapcsolatot a megl\u00e9v\u0151 vizsg\u00e1lati paddal \/ r\u00e1mp\u00e1val. A n\u00f6vekv\u0151 v\u00edznyom\u00e1sn\u00e1l a pumpa \u00e1raml\u00e1si sebess\u00e9ge cs\u00f6kken, a be\u00e1ll\u00edtott v\u00e9gnyom\u00e1s el\u00e9r\u00e9s\u00e9n\u00e9l a pumpa automatikusan le\u00e1ll. A k\u00edv\u00e1n nyom\u00e1s be\u00e1ll\u00edthat\u00f3 a pumpa digit\u00e1lis \u00a0kijelz\u0151j\u00e9n.<\/p>\n<p><strong>N7\/15- 500 (MACP016):<\/strong> Elektromos teljes\u00edtm\u00e9ny: 3 kw. Maxim\u00e1lis nyom\u00e1s: 500 bar.<\/p>\n<p><strong>N7\/15-300 (MACP016-40):<\/strong> Elektromos teljes\u00edtm\u00e9ny: 1,5 kw. Maxim\u00e1lis nyom\u00e1s: 300 bar.<\/p>\n<hr \/>\n<p><strong>Let\u00f6lthet\u0151 anyagok<\/strong><\/p>\n<ul>\n<li><a href=\"https:\/\/pwent.eu\/wp-content\/uploads\/2016\/04\/N7-15_HP_testing_pump.pdf\" rel=\"\">N7\/15 Elektromos magas fesz\u00fclts\u00e9g\u0171 pumpa<\/a><\/li>\n<\/ul>","protected":false},"excerpt":{"rendered":"<p>N7\/15, 3 dugatty\u00fas elektromos meghajt\u00e1s\u00fa hidraulikus pumpa maxim\u00e1lisan 500 bar v\u00edznyom\u00e1spr\u00f3ba vizsg\u00e1lathoz. Max \u00e1raml\u00e1si sebess\u00e9g: 7 liter-3 liter\/1 perc. A pump\u00e1t rozsdamentes ac\u00e9l szerkezetre telep\u00edtett\u00fck, ami r\u00f6gz\u00edthet\u0151 a padl\u00f3hoz.<\/p>","protected":false},"featured_media":327,"template":"","meta":[],"product_brand":[],"product_cat":[32,64,31],"product_tag":[60,65],"class_list":{"0":"post-291","1":"product","2":"type-product","3":"status-publish","4":"has-post-thumbnail","6":"product_cat-gazpalack-nyomasproba-es-felujitas","7":"product_cat-nyomasproba-szivattyu","8":"product_cat-termekek","9":"product_tag-500-bar","10":"product_tag-pumpa","12":"first","13":"instock","14":"shipping-taxable","15":"purchasable","16":"product-type-simple"},"_links":{"self":[{"href":"https:\/\/pwent.lionstackailab.hu\/de\/wp-json\/wp\/v2\/product\/291","targetHints":{"allow":["GET"]}}],"collection":[{"href":"https:\/\/pwent.lionstackailab.hu\/de\/wp-json\/wp\/v2\/product"}],"about":[{"href":"https:\/\/pwent.lionstackailab.hu\/de\/wp-json\/wp\/v2\/types\/product"}],"wp:featuredmedia":[{"embeddable":true,"href":"https:\/\/pwent.lionstackailab.hu\/de\/wp-json\/wp\/v2\/media\/327"}],"wp:attachment":[{"href":"https:\/\/pwent.lionstackailab.hu\/de\/wp-json\/wp\/v2\/media?parent=291"}],"wp:term":[{"taxonomy":"product_brand","embeddable":true,"href":"https:\/\/pwent.lionstackailab.hu\/de\/wp-json\/wp\/v2\/product_brand?post=291"},{"taxonomy":"product_cat","embeddable":true,"href":"https:\/\/pwent.lionstackailab.hu\/de\/wp-json\/wp\/v2\/product_cat?post=291"},{"taxonomy":"product_tag","embeddable":true,"href":"https:\/\/pwent.lionstackailab.hu\/de\/wp-json\/wp\/v2\/product_tag?post=291"}],"curies":[{"name":"wp","href":"https:\/\/api.w.org\/{rel}","templated":true}]}}