{"id":289,"date":"2026-03-19T13:32:53","date_gmt":"2026-03-19T13:32:53","guid":{"rendered":"https:\/\/pwent.lionstackailab.hu\/?post_type=product&#038;p=289"},"modified":"2026-03-19T13:34:42","modified_gmt":"2026-03-19T13:34:42","slug":"ht-modell-falra-szerelheto-hidraulikus-nyomasproba-pad-gazpalackok-vizsgalatahoz","status":"publish","type":"product","link":"https:\/\/pwent.lionstackailab.hu\/de\/termek\/ht-modell-falra-szerelheto-hidraulikus-nyomasproba-pad-gazpalackok-vizsgalatahoz\/","title":{"rendered":"HT modell falra szerelhet\u0151 hidraulikus nyom\u00e1spr\u00f3ba pad g\u00e1zpalackok vizsg\u00e1lat\u00e1hoz"},"content":{"rendered":"<p>Maximum nyom\u00e1s: 500 bar. A r\u00e1mp\u00e1t kifejezetten arra tervezt\u00e9k, hogy hat\u00e9konyan \u00e9s biztons\u00e1gosan vizsg\u00e1lj\u00e1k g\u00e1zpalackokat. Alkalmas 1-10 g\u00e1zpalackok nyom\u00e1spr\u00f3b\u00e1j\u00e1nak elv\u00e9gz\u00e9s\u00e9re, a megrendel\u0151 ig\u00e9nyeinek megfelel\u0151en. Falra szerelhet\u0151 .<\/p>\n<p><strong>MZCZ025 first\u00a0place:<\/strong> Teszt r\u00e1mpa falra szerelhet\u0151 , 1-t\u0151l 10-ig teszt helyek. Az \u00e1r az els\u0151 helyet tartalmazza.<\/p>\n<p><strong>MZCZ025 second place:\u00a0<\/strong>Teszt r\u00e1mpa falra szerelhet\u0151 , 1-t\u0151l 10- ig teszt helyek. Az kieg\u00e9sz\u00edt\u0151 helyeket tartalmazza a 2. helyt\u0151l- A &#8222;first place&#8221;\u00a0kieg\u00e9sz\u00edt\u00e9se.<\/p>\n<hr \/>\n<p><strong>Let\u00f6lthet\u0151 anyagok<\/strong><\/p>\n<ul>\n<li><a href=\"https:\/\/pwent.eu\/wp-content\/uploads\/2016\/05\/HT_wall_testing_ramp.pdf\" rel=\"\">HT modell- falra szerelhet\u0151 hidraulikus r\u00e1mpa magasnyom\u00e1son g\u00e1zpalackok tesztel\u00e9s\u00e9re<\/a><\/li>\n<\/ul>","protected":false},"excerpt":{"rendered":"<p>Maximum nyom\u00e1s: 500 bar. A r\u00e1mp\u00e1t kifejezetten arra tervezt\u00e9k, hogy hat\u00e9konyan \u00e9s biztons\u00e1gosan vizsg\u00e1lj\u00e1k g\u00e1zpalackokat. Alkalmas 1-10 g\u00e1zpalackok nyom\u00e1spr\u00f3b\u00e1j\u00e1nak elv\u00e9gz\u00e9s\u00e9re<\/p>","protected":false},"featured_media":325,"template":"","meta":[],"product_brand":[],"product_cat":[32,40,36,33,31],"product_tag":[60,61,62,43],"class_list":{"0":"post-289","1":"product","2":"type-product","3":"status-publish","4":"has-post-thumbnail","6":"product_cat-gazpalack-nyomasproba-es-felujitas","7":"product_cat-gazpalack-nyomasproba-rampa","8":"product_cat-muhely-porralolto-keszulek-karbantartasahoz","9":"product_cat-muhely-szendioxiddal-olto-keszulekhez","10":"product_cat-termekek","11":"product_tag-500-bar","12":"product_tag-falra-szerelheto","13":"product_tag-modularis","14":"product_tag-nyomasproba","16":"first","17":"instock","18":"shipping-taxable","19":"purchasable","20":"product-type-variable"},"_links":{"self":[{"href":"https:\/\/pwent.lionstackailab.hu\/de\/wp-json\/wp\/v2\/product\/289","targetHints":{"allow":["GET"]}}],"collection":[{"href":"https:\/\/pwent.lionstackailab.hu\/de\/wp-json\/wp\/v2\/product"}],"about":[{"href":"https:\/\/pwent.lionstackailab.hu\/de\/wp-json\/wp\/v2\/types\/product"}],"wp:featuredmedia":[{"embeddable":true,"href":"https:\/\/pwent.lionstackailab.hu\/de\/wp-json\/wp\/v2\/media\/325"}],"wp:attachment":[{"href":"https:\/\/pwent.lionstackailab.hu\/de\/wp-json\/wp\/v2\/media?parent=289"}],"wp:term":[{"taxonomy":"product_brand","embeddable":true,"href":"https:\/\/pwent.lionstackailab.hu\/de\/wp-json\/wp\/v2\/product_brand?post=289"},{"taxonomy":"product_cat","embeddable":true,"href":"https:\/\/pwent.lionstackailab.hu\/de\/wp-json\/wp\/v2\/product_cat?post=289"},{"taxonomy":"product_tag","embeddable":true,"href":"https:\/\/pwent.lionstackailab.hu\/de\/wp-json\/wp\/v2\/product_tag?post=289"}],"curies":[{"name":"wp","href":"https:\/\/api.w.org\/{rel}","templated":true}]}}