{"id":286,"date":"2026-03-19T13:32:53","date_gmt":"2026-03-19T13:32:53","guid":{"rendered":"https:\/\/pwent.lionstackailab.hu\/?post_type=product&#038;p=286"},"modified":"2026-03-19T13:33:02","modified_gmt":"2026-03-19T13:33:02","slug":"rc-vakumozo-rampa-a-gazpalackok-belso-tisztasagaert-es-szarazsagaert","status":"publish","type":"product","link":"https:\/\/pwent.lionstackailab.hu\/de\/termek\/rc-vakumozo-rampa-a-gazpalackok-belso-tisztasagaert-es-szarazsagaert\/","title":{"rendered":"RC \u2013 Vakuumrampe f\u00fcr die innere Reinigung und Trocknung von Gasflaschen"},"content":{"rendered":"<p>A g\u00e1zpalack helyek: 5\/10. G\u00e1zok: CNC freon, N2O, CO2. A rendszer a g\u00e1zpalackok \u00e9s g\u00e1zt\u00e1rol\u00e1si lehet\u0151s\u00e9gek bels\u0151 kezel\u00e9s\u00e9hez k\u00e9sz\u00fclt. \u00a0Sorozatos v\u00e1kuum \u00e9s \u00f6bl\u00edt\u00e9si ciklusokkal \u00e9rj\u00fck el a g\u00e1zpalackok k\u00edv\u00e1nt sz\u00e1razs\u00e1g\u00e1t. \u00c1ltal\u00e1noss\u00e1gban a g\u00e9p alkalmas CO2 g\u00e1zpalackok \u00e9s m\u00e1s \u00e9lelmiszeripari felhaszn\u00e1l\u00e1s\u00fa g\u00e1zpalackok kezel\u00e9s\u00e9hez. A g\u00e9p hasznos ha olyan palackokat kapunk, amelyek nedvess\u00e9gtartalma bizonytalan, nincsenek RPV szeleppel felszerelve. A g\u00e9p t\u00f6lt\u00e9st megel\u0151z\u0151 kezel\u00e9sre is alkalmas. Ilyen esetek lehetnek mikor a g\u00e1zpalack, g\u00e1zpalack k\u00f6teg, kont\u00e9ner N2O vagy CFC\/Freon t\u00f6lt\u00e9s\u00e9re kell el\u0151k\u00e9sz\u00edteni. Alacsony nyom\u00e1s\u00fa cs\u00f6vez\u00e9s, szelepek \u00e9s manom\u00e9terek kapcsol\u00f3dnak a palackokhoz. Minden g\u00e1zpalack vagy g\u00e1ztart\u00e1ly flexibilis cs\u0151vel \u00e9s gyors-csatlakoz\u00f3val csatlakoztathat\u00f3.<\/p>\n<hr \/>\n<p><strong>Let\u00f6lthet\u0151 anyagok<\/strong><\/p>\n<ul>\n<li><a href=\"https:\/\/pwent.eu\/wp-content\/uploads\/2016\/05\/RC_vacuum_ramp.pdf\" rel=\"\">RC_v\u00e1kum-r\u00e1mpa<\/a><\/li>\n<\/ul>","protected":false},"excerpt":{"rendered":"<p>A g\u00e1zpalack helyek: 5\/10. G\u00e1zok: CNC freon, N2O, CO2. A rendszer a g\u00e1zpalackok \u00e9s g\u00e1zt\u00e1rol\u00e1si lehet\u0151s\u00e9gek bels\u0151 kezel\u00e9s\u00e9hez k\u00e9sz\u00fclt. \u00a0Sorozatos v\u00e1kuum \u00e9s \u00f6bl\u00edt\u00e9si ciklusokkal \u00e9rj\u00fck el a g\u00e1zpalackok k\u00edv\u00e1nt sz\u00e1razs\u00e1g\u00e1t<\/p>","protected":false},"featured_media":321,"template":"","meta":[],"product_brand":[],"product_cat":[32,38],"product_tag":[54,55,56,57],"class_list":{"0":"post-286","1":"product","2":"type-product","3":"status-publish","4":"has-post-thumbnail","6":"product_cat-gazpalack-nyomasproba-es-felujitas","7":"product_cat-gazpalackok-belso-tisztitasa","8":"product_tag-belso-tisztitas","9":"product_tag-szaritas","10":"product_tag-tisztitas","11":"product_tag-vacuum","13":"first","14":"instock","15":"shipping-taxable","16":"purchasable","17":"product-type-simple"},"_links":{"self":[{"href":"https:\/\/pwent.lionstackailab.hu\/de\/wp-json\/wp\/v2\/product\/286","targetHints":{"allow":["GET"]}}],"collection":[{"href":"https:\/\/pwent.lionstackailab.hu\/de\/wp-json\/wp\/v2\/product"}],"about":[{"href":"https:\/\/pwent.lionstackailab.hu\/de\/wp-json\/wp\/v2\/types\/product"}],"wp:featuredmedia":[{"embeddable":true,"href":"https:\/\/pwent.lionstackailab.hu\/de\/wp-json\/wp\/v2\/media\/321"}],"wp:attachment":[{"href":"https:\/\/pwent.lionstackailab.hu\/de\/wp-json\/wp\/v2\/media?parent=286"}],"wp:term":[{"taxonomy":"product_brand","embeddable":true,"href":"https:\/\/pwent.lionstackailab.hu\/de\/wp-json\/wp\/v2\/product_brand?post=286"},{"taxonomy":"product_cat","embeddable":true,"href":"https:\/\/pwent.lionstackailab.hu\/de\/wp-json\/wp\/v2\/product_cat?post=286"},{"taxonomy":"product_tag","embeddable":true,"href":"https:\/\/pwent.lionstackailab.hu\/de\/wp-json\/wp\/v2\/product_tag?post=286"}],"curies":[{"name":"wp","href":"https:\/\/api.w.org\/{rel}","templated":true}]}}