{"id":285,"date":"2026-03-19T13:32:53","date_gmt":"2026-03-19T13:32:53","guid":{"rendered":"https:\/\/pwent.lionstackailab.hu\/?post_type=product&#038;p=285"},"modified":"2026-03-19T13:33:02","modified_gmt":"2026-03-19T13:33:02","slug":"ics-80-a-automata-belso-soretezo-20-liter-alatti-gazpalackokhoz","status":"publish","type":"product","link":"https:\/\/pwent.lionstackailab.hu\/de\/termek\/ics-80-a-automata-belso-soretezo-20-liter-alatti-gazpalackokhoz\/","title":{"rendered":"ICS 80-A Automaten Innenreiniger f\u00fcr Gasflaschen unter 20 Liter"},"content":{"rendered":"<p>G\u00e1zpalackok bels\u0151 tiszt\u00e1sa, maximum 20 l-ig, g\u00e1zpalack maximum \u00e1tm\u00e9r\u0151: 270 mm, min:85 mm.\u00a0A tiszt\u00edt\u00e1si folyamat egy z\u00e1rt szemcsesz\u00f3r\u00f3 kabinban teljesen automatikus ciklussal t\u00f6rt\u00e9nik. A f\u00e9m s\u00f6r\u00e9tszemcs\u00e9k biztos\u00edtj\u00e1k a nagy hat\u00e9konys\u00e1ggal t\u00f6rt\u00e9n\u0151 tiszt\u00edt\u00e1st, an\u00e9lk\u00fcl hogy a g\u00e1zpalack bels\u0151 fel\u00fclete s\u00e9r\u00fclne, vagy azokon b\u00e1rmilyen szennyez\u0151d\u00e9s maradna. A f\u00e9m s\u00f6r\u00e9tszemcs\u00e9ket visszaforgatjuk \u00e9s ciklon porlev\u00e1laszt\u00f3 seg\u00edts\u00e9g\u00e9vel megtiszt\u00edtjuk a g\u00e1zpalackb\u00f3l sz\u00e1rmaz\u00f3 szennyez\u0151d\u00e9sekt\u0151l. A folyamatosan \u00e1raml\u00f3 szemcs\u00e9k tiszt\u00edt\u00e1s\u00e1n\u00e1l egy \u00f6ntiszt\u00edt\u00f3 sz\u0171r\u0151t haszn\u00e1lunk, m\u00edg a felgy\u00fclemlett szem\u00e9t egy k\u00f6nnyen \u00fcr\u00edthet\u0151 tart\u00e1lyban gy\u0171lik. Az opci\u00f3k\u00e9nt rendelhet\u0151 ICS80-A-180 g\u00e1zpalackford\u00edt\u00f3nak k\u00f6sz\u00f6nhet\u0151en lehets\u00e9ges a g\u00e9p haszn\u00e1lata (m\u00e1r nem teljesen automata m\u00f3don) a 85 cm-n\u00e9l magasabb, 180 cm-n\u00e9l alacsonyabb g\u00e1zpalackok tiszt\u00edt\u00e1s\u00e1hoz is.<\/p>\n<div>\n<hr \/>\n<\/div>\n<div><strong>Let\u00f6lthet\u0151 anyagok<\/strong><\/div>\n<div><\/div>\n<ul>\n<li><a href=\"https:\/\/pwent.eu\/wp-content\/uploads\/2016\/04\/ICS80_internal_cleaning.pdf\" rel=\"\">ICS80-A modell<\/a><\/li>\n<\/ul>","protected":false},"excerpt":{"rendered":"<p>G\u00e1zpalackok bels\u0151 tiszt\u00e1sa, maximum 20 l-ig, g\u00e1zpalack maximum \u00e1tm\u00e9r\u0151: 270 mm, min:85 mm.\u00a0A tiszt\u00edt\u00e1si folyamat egy z\u00e1rt szemcsesz\u00f3r\u00f3 kabinban teljesen automatikus ciklussal t\u00f6rt\u00e9nik<\/p>","protected":false},"featured_media":320,"template":"","meta":[],"product_brand":[],"product_cat":[32,38,31],"product_tag":[42,54,39],"class_list":{"0":"post-285","1":"product","2":"type-product","3":"status-publish","4":"has-post-thumbnail","6":"product_cat-gazpalack-nyomasproba-es-felujitas","7":"product_cat-gazpalackok-belso-tisztitasa","8":"product_cat-termekek","9":"product_tag-automata","10":"product_tag-belso-tisztitas","11":"product_tag-soretezes","13":"first","14":"instock","15":"shipping-taxable","16":"purchasable","17":"product-type-simple"},"_links":{"self":[{"href":"https:\/\/pwent.lionstackailab.hu\/de\/wp-json\/wp\/v2\/product\/285","targetHints":{"allow":["GET"]}}],"collection":[{"href":"https:\/\/pwent.lionstackailab.hu\/de\/wp-json\/wp\/v2\/product"}],"about":[{"href":"https:\/\/pwent.lionstackailab.hu\/de\/wp-json\/wp\/v2\/types\/product"}],"wp:featuredmedia":[{"embeddable":true,"href":"https:\/\/pwent.lionstackailab.hu\/de\/wp-json\/wp\/v2\/media\/320"}],"wp:attachment":[{"href":"https:\/\/pwent.lionstackailab.hu\/de\/wp-json\/wp\/v2\/media?parent=285"}],"wp:term":[{"taxonomy":"product_brand","embeddable":true,"href":"https:\/\/pwent.lionstackailab.hu\/de\/wp-json\/wp\/v2\/product_brand?post=285"},{"taxonomy":"product_cat","embeddable":true,"href":"https:\/\/pwent.lionstackailab.hu\/de\/wp-json\/wp\/v2\/product_cat?post=285"},{"taxonomy":"product_tag","embeddable":true,"href":"https:\/\/pwent.lionstackailab.hu\/de\/wp-json\/wp\/v2\/product_tag?post=285"}],"curies":[{"name":"wp","href":"https:\/\/api.w.org\/{rel}","templated":true}]}}