{"id":284,"date":"2026-03-19T13:32:53","date_gmt":"2026-03-19T13:32:53","guid":{"rendered":"https:\/\/pwent.lionstackailab.hu\/?post_type=product&#038;p=284"},"modified":"2026-03-19T13:33:01","modified_gmt":"2026-03-19T13:33:01","slug":"fit100-model-felautomata-hidraulikus-nyomasprobazo-gep","status":"publish","type":"product","link":"https:\/\/pwent.lionstackailab.hu\/de\/termek\/fit100-model-felautomata-hidraulikus-nyomasprobazo-gep\/","title":{"rendered":"FIT100 model- F\u00e9lautomata hidraulikus nyom\u00e1spr\u00f3b\u00e1z\u00f3 g\u00e9p"},"content":{"rendered":"<p>F\u00e9lautomata nyom\u00e1spr\u00f3b\u00e1z\u00f3 pad, 1 g\u00e1zpalack \u00e1ll\u00e1ssal. G\u00e1zpalack \u00e1tm\u00e9r\u0151je 200-610 mm (l\u00e1sd vari\u00e1ci\u00f3k). G\u00e1zpalack hossza 250-1850 mm, maxim\u00e1lis pr\u00f3b\u00e1z\u00e1si nyom\u00e1s: 100 bar.A nyom\u00e1spr\u00f3b\u00e1z\u00f3 g\u00e9pet arra tervezt\u00fck hogy azon az id\u0151szakos nyom\u00e1spr\u00f3ba elv\u00e9gezhet\u0151 legyen. A g\u00e9p f\u0151k\u00e9nt \u00a0t\u0171zv\u00e9delemben haszn\u00e1lt folyad\u00e9kok\/csepfoly\u00f3s g\u00e1zok g\u00e1zpalackjaihoz haszn\u00e1lhat\u00f3. A nyom\u00e1spr\u00f3b\u00e1t f\u00e9lautomata m\u00f3don lehet elv\u00e9gezni ami a k\u00f6vetkez\u0151 f\u00e1zisokb\u00f3l \u00e1ll:<\/p>\n<ul>\n<li>g\u00e1zpalackok v\u00edzzel t\u00f6rt\u00e9n\u0151 megt\u00f6lt\u00e9se<\/li>\n<li>nyom\u00e1sfokoz\u00e1s \u00e9s nyom\u00e1spr\u00f3ba elv\u00e9gz\u00e9se<\/li>\n<li>g\u00e1zpalackok \u00fcr\u00edt\u00e9se<\/li>\n<\/ul>\n<p>A pr\u00f3bapad egy meger\u0151s\u00edt\u0151 gombnyom\u00e1st fog k\u00e9rni az oper\u00e1tort\u00f3l a k\u00fcl\u00f6nb\u00f6z\u0151 f\u00e1zisok v\u00e1lt\u00e1s\u00e1n\u00e1l. A g\u00e9p f\u0151 egys\u00e9gei: g\u00e1zpalack ford\u00edt\u00f3, amely a g\u00e1zpalack biztons\u00e1gos r\u00f6gz\u00edt\u00e9s\u00e9re \u00e9s annak 180\u00b0 t\u00f6rt\u00e9n\u0151 elford\u00edt\u00e1s\u00e1ra alkalmas. A g\u00e9p minden sz\u00fcks\u00e9ges elemet tartalmaz, a 3 m\u0171veleti f\u00e1zis elv\u00e9gz\u00e9s\u00e9h\u00e9ez: v\u00edzt\u00e1rol\u00f3 tart\u00e1ly, nyom\u00e1sfokoz\u00f3 pumpa, csatlakoz\u00e1sok. Gondoskodtunk a sz\u00fcks\u00e9ges v\u00e9d\u0151elemekr\u0151l is amelyek megakad\u00e1lyozz\u00e1k a vesz\u00e9lyes ter\u00fcletekre t\u00f6rt\u00e9n\u0151 bel\u00e9p\u00e9st.<\/p>\n<h3>V\u00e1ltozatok<\/h3>\n<ul>\n<li>FIT100-1 (MZCZ008-AA) nyom\u00e1spr\u00f3b\u00e1z\u00f3 pad g\u00e1zpalackokhoz amelyek maximum 420 mm \u00e1tm\u00e9r\u0151vel rendelkeznek<\/li>\n<li>FIT100-1 (MZCZ008-BB) nyom\u00e1spr\u00f3b\u00e1z\u00f3 pad g\u00e1zpalackokhoz amelyek maximum 500 mm \u00e1tm\u00e9r\u0151vel rendelkeznek<\/li>\n<li>FIT100-1 (MZCZ008-CC) nyom\u00e1spr\u00f3b\u00e1z\u00f3 pad g\u00e1zpalackokhoz amelyek maximum 610 mm \u00e1tm\u00e9r\u0151vel rendelkeznek<\/li>\n<\/ul>\n<p>&nbsp;<\/p>\n<hr \/>\n<p>&nbsp;<\/p>\n<p><strong>Let\u00f6lt\u00e9s<\/strong><\/p>\n<ul>\n<li><a href=\"https:\/\/pwent.eu\/wp-content\/uploads\/2016\/05\/FIT100_ing-1.pdf\" rel=\"\">FIT100 F\u00e9lautomata nyom\u00e1spr\u00f3b\u00e1z\u00f3 t\u0171zolt\u00f3k\u00e9sz\u00fcl\u00e9kekhez<\/a><\/li>\n<\/ul>","protected":false},"excerpt":{"rendered":"<p>F\u00e9lautomata nyom\u00e1spr\u00f3b\u00e1z\u00f3 pad, 1 g\u00e1zpalack \u00e1ll\u00e1ssal. G\u00e1zpalack \u00e1tm\u00e9r\u0151je 200-610 mm (l\u00e1sd vari\u00e1ci\u00f3k). G\u00e1zpalack hossza 250-1850 mm, maxim\u00e1lis pr\u00f3b\u00e1z\u00e1si nyom\u00e1s: 100 bar. M\u00e1r tartalmaz minden sz\u00fcks\u00e9ges elemet: v\u00edztart\u00e1ly, nyom\u00e1sfokoz\u00f3 pumpa, biztons\u00e1gi elemek&#8230;<\/p>","protected":false},"featured_media":319,"template":"","meta":[],"product_brand":[],"product_cat":[32,40,36,31],"product_tag":[51,52,53,43],"class_list":{"0":"post-284","1":"product","2":"type-product","3":"status-publish","4":"has-post-thumbnail","6":"product_cat-gazpalack-nyomasproba-es-felujitas","7":"product_cat-gazpalack-nyomasproba-rampa","8":"product_cat-muhely-porralolto-keszulek-karbantartasahoz","9":"product_cat-termekek","10":"product_tag-1-allas","11":"product_tag-1-fazis","12":"product_tag-100-bar","13":"product_tag-nyomasproba","15":"first","16":"outofstock","17":"shipping-taxable","18":"purchasable","19":"product-type-variable"},"_links":{"self":[{"href":"https:\/\/pwent.lionstackailab.hu\/de\/wp-json\/wp\/v2\/product\/284","targetHints":{"allow":["GET"]}}],"collection":[{"href":"https:\/\/pwent.lionstackailab.hu\/de\/wp-json\/wp\/v2\/product"}],"about":[{"href":"https:\/\/pwent.lionstackailab.hu\/de\/wp-json\/wp\/v2\/types\/product"}],"wp:featuredmedia":[{"embeddable":true,"href":"https:\/\/pwent.lionstackailab.hu\/de\/wp-json\/wp\/v2\/media\/319"}],"wp:attachment":[{"href":"https:\/\/pwent.lionstackailab.hu\/de\/wp-json\/wp\/v2\/media?parent=284"}],"wp:term":[{"taxonomy":"product_brand","embeddable":true,"href":"https:\/\/pwent.lionstackailab.hu\/de\/wp-json\/wp\/v2\/product_brand?post=284"},{"taxonomy":"product_cat","embeddable":true,"href":"https:\/\/pwent.lionstackailab.hu\/de\/wp-json\/wp\/v2\/product_cat?post=284"},{"taxonomy":"product_tag","embeddable":true,"href":"https:\/\/pwent.lionstackailab.hu\/de\/wp-json\/wp\/v2\/product_tag?post=284"}],"curies":[{"name":"wp","href":"https:\/\/api.w.org\/{rel}","templated":true}]}}