{"id":279,"date":"2026-03-19T13:32:53","date_gmt":"2026-03-19T13:32:53","guid":{"rendered":"https:\/\/pwent.lionstackailab.hu\/?post_type=product&#038;p=279"},"modified":"2026-03-19T13:32:56","modified_gmt":"2026-03-19T13:32:56","slug":"el60-atex-elektromos-szelepelo-gep","status":"publish","type":"product","link":"https:\/\/pwent.lionstackailab.hu\/de\/termek\/el60-atex-elektromos-szelepelo-gep\/","title":{"rendered":"EL60-ATEX elektromos szelepel\u0151 g\u00e9p"},"content":{"rendered":"<p>ATEX be-\/kiszelepel\u0151 g\u00e9p, G\u00e1zpalack \u00e1tm\u00e9r\u0151:80-300 mm, hossz:400-1650(1800) mm\u00a0Nyomat\u00e9k: 100-400 Nm. EL60-ATEX\u00a0be- \u00e9s kiszelepel\u0151 egys\u00e9g\u00a0robban\u00e1sbiztos g\u00e9pek 94\/9\/EC szabv\u00e1ny m\u00e1sodik csoportja szerint lett enged\u00e9lyeztetve (group II): a g\u00e9p haszn\u00e1lhat\u00f3 olyan k\u00f6rnyezetben ahol robban\u00e1svesz\u00e9lyes g\u00e1zok megtal\u00e1lhat\u00f3ak, de a g\u00e9p nem haszn\u00e1lhat\u00f3 f\u00f6ldalatti b\u00e1ny\u00e1k \u00e9s \u00fczemekben, ahol b\u00e1nyal\u00e9g vagy porkever\u00e9k jelenl\u00e9te lehets\u00e9ges. Az EL60-ATEX &#8222;Kateg\u00f3ria 2&#8221; besorol\u00e1st kapott. Ez lehet\u0151v\u00e9 teszi, hogy olyan k\u00f6rnyezetben haszn\u00e1lja ahol robban\u00e1svesz\u00e9lyes g\u00e1z, g\u0151z, k\u00f6d jelenl\u00e9te lehets\u00e9ges. Ez\u00e9rt haszn\u00e1lhat\u00f3 &#8222;1&#8221;-es min\u0151s\u00edt\u00e9s\u0171 z\u00f3n\u00e1ban. A g\u00e9p haszn\u00e1lhat\u00f3 &#8222;group IIC&#8221; csoportba azaz az Acetil\u00e9nek csoportj\u00e1ba tartoz\u00f3 g\u00e1zok eset\u00e9n is. A g\u00e9p adatai: CE EX II 2G c IIC T4 -5\u00b0C Ta +40\u00b0C.<\/p>\n<hr \/>\n<p><strong>Let\u00f6lthet\u0151 anyagok<\/strong><\/p>\n<ul>\n<li><a href=\"https:\/\/pwent.eu\/wp-content\/uploads\/2016\/04\/EL60_ATEX_valving_devalving-1.pdf\" rel=\"\">EL60_ATEX<\/a><\/li>\n<\/ul>","protected":false},"excerpt":{"rendered":"<p>ATEX be-\/kiszelepel\u0151 g\u00e9p, G\u00e1zpalack \u00e1tm\u00e9r\u0151:80-300 mm, hossz:400-1650(1800) mm\u00a0Nyomat\u00e9k: 100-400 Nm. EL60-ATEX\u00a0be- \u00e9s kiszelepel\u0151 egys\u00e9g\u00a0robban\u00e1sbiztos g\u00e9pek 94\/9\/EC szabv\u00e1ny m\u00e1sodik csoportja szerint lett enged\u00e9lyeztetve (group II)<\/p>\n<p>&nbsp;<\/p>\n<p>&nbsp;<\/p>","protected":false},"featured_media":307,"template":"","meta":[],"product_brand":[],"product_cat":[32,34,31],"product_tag":[37,35],"class_list":{"0":"post-279","1":"product","2":"type-product","3":"status-publish","4":"has-post-thumbnail","6":"product_cat-gazpalack-nyomasproba-es-felujitas","7":"product_cat-szelepszereles","8":"product_cat-termekek","9":"product_tag-atex","10":"product_tag-szelepeles","12":"first","13":"instock","14":"shipping-taxable","15":"purchasable","16":"product-type-simple"},"_links":{"self":[{"href":"https:\/\/pwent.lionstackailab.hu\/de\/wp-json\/wp\/v2\/product\/279","targetHints":{"allow":["GET"]}}],"collection":[{"href":"https:\/\/pwent.lionstackailab.hu\/de\/wp-json\/wp\/v2\/product"}],"about":[{"href":"https:\/\/pwent.lionstackailab.hu\/de\/wp-json\/wp\/v2\/types\/product"}],"wp:featuredmedia":[{"embeddable":true,"href":"https:\/\/pwent.lionstackailab.hu\/de\/wp-json\/wp\/v2\/media\/307"}],"wp:attachment":[{"href":"https:\/\/pwent.lionstackailab.hu\/de\/wp-json\/wp\/v2\/media?parent=279"}],"wp:term":[{"taxonomy":"product_brand","embeddable":true,"href":"https:\/\/pwent.lionstackailab.hu\/de\/wp-json\/wp\/v2\/product_brand?post=279"},{"taxonomy":"product_cat","embeddable":true,"href":"https:\/\/pwent.lionstackailab.hu\/de\/wp-json\/wp\/v2\/product_cat?post=279"},{"taxonomy":"product_tag","embeddable":true,"href":"https:\/\/pwent.lionstackailab.hu\/de\/wp-json\/wp\/v2\/product_tag?post=279"}],"curies":[{"name":"wp","href":"https:\/\/api.w.org\/{rel}","templated":true}]}}