{"id":278,"date":"2026-03-19T13:32:53","date_gmt":"2026-03-19T13:32:53","guid":{"rendered":"https:\/\/pwent.lionstackailab.hu\/?post_type=product&#038;p=278"},"modified":"2026-03-19T13:32:55","modified_gmt":"2026-03-19T13:32:55","slug":"el60-e-elektromos-szelepelo-egyseg-kis-gazpalackokhoz","status":"publish","type":"product","link":"https:\/\/pwent.lionstackailab.hu\/de\/termek\/el60-e-elektromos-szelepelo-egyseg-kis-gazpalackokhoz\/","title":{"rendered":"EL60-E elektromos szelepel\u0151 egys\u00e9g kis g\u00e1zpalackokhoz"},"content":{"rendered":"<p>Beszelepel\u0151 kis g\u00e1zpalackokhoz. G\u00e1zpalack \u00e1tm\u00e9r\u0151: 80-320 mm, hossz: 400-1200 mm Nyomat\u00e9k: 80-400Nm.\u00a0A EL60-E\u00a0 a szelepek be \u00e9s kiteker\u00e9s\u00e9t v\u00e9gzi v\u00e9gzi kis palackokb\u00f3l, t\u0171zolt\u00f3k\u00e9sz\u00fcl\u00e9kekb\u0151l. A g\u00e9p alkalmas mind p\u00e1rhuzamos mind k\u00fapos menettel rendelkez\u0151 szelepek kezel\u00e9s\u00e9re. A szelepel\u0151g\u00e9p kifejezetten felhaszn\u00e1l\u00f3bar\u00e1t. A kezel\u0151 biztons\u00e1gosan \u00e9s fizikai megterhel\u00e9s n\u00e9lk\u00fcl v\u00e9gezheti el a szelepek be- \u00e9s kiteker\u00e9s\u00e9t. A szelepel\u0151g\u00e9p seg\u00edts\u00e9g\u00e9vel mindig el\u00e9rhetj\u00fck a pontos nyomat\u00e9kot<\/p>\n<hr \/>\n<p><strong>Let\u00f6lthet\u0151\u00a0anyagok<\/strong><\/p>\n<ul>\n<li><a href=\"https:\/\/pwent.eu\/wp-content\/uploads\/2016\/04\/EL60_E-CO2valving.pdf\" rel=\"\">EL60_E-CO2 g\u00e1zpalack szelepel\u00e9s katal\u00f3gus (GB)<\/a><\/li>\n<\/ul>","protected":false},"excerpt":{"rendered":"<p>Beszelepel\u0151 kis g\u00e1zpalackokhoz. G\u00e1zpalack \u00e1tm\u00e9r\u0151: 80-320 mm, hossz: 400-1200 mm Nyomat\u00e9k: 80-400Nm<\/p>","protected":false},"featured_media":306,"template":"","meta":[],"product_brand":[],"product_cat":[32,36,33,34],"product_tag":[],"class_list":{"0":"post-278","1":"product","2":"type-product","3":"status-publish","4":"has-post-thumbnail","6":"product_cat-gazpalack-nyomasproba-es-felujitas","7":"product_cat-muhely-porralolto-keszulek-karbantartasahoz","8":"product_cat-muhely-szendioxiddal-olto-keszulekhez","9":"product_cat-szelepszereles","11":"first","12":"instock","13":"shipping-taxable","14":"purchasable","15":"product-type-simple"},"_links":{"self":[{"href":"https:\/\/pwent.lionstackailab.hu\/de\/wp-json\/wp\/v2\/product\/278","targetHints":{"allow":["GET"]}}],"collection":[{"href":"https:\/\/pwent.lionstackailab.hu\/de\/wp-json\/wp\/v2\/product"}],"about":[{"href":"https:\/\/pwent.lionstackailab.hu\/de\/wp-json\/wp\/v2\/types\/product"}],"wp:featuredmedia":[{"embeddable":true,"href":"https:\/\/pwent.lionstackailab.hu\/de\/wp-json\/wp\/v2\/media\/306"}],"wp:attachment":[{"href":"https:\/\/pwent.lionstackailab.hu\/de\/wp-json\/wp\/v2\/media?parent=278"}],"wp:term":[{"taxonomy":"product_brand","embeddable":true,"href":"https:\/\/pwent.lionstackailab.hu\/de\/wp-json\/wp\/v2\/product_brand?post=278"},{"taxonomy":"product_cat","embeddable":true,"href":"https:\/\/pwent.lionstackailab.hu\/de\/wp-json\/wp\/v2\/product_cat?post=278"},{"taxonomy":"product_tag","embeddable":true,"href":"https:\/\/pwent.lionstackailab.hu\/de\/wp-json\/wp\/v2\/product_tag?post=278"}],"curies":[{"name":"wp","href":"https:\/\/api.w.org\/{rel}","templated":true}]}}