{"id":277,"date":"2026-03-19T13:32:52","date_gmt":"2026-03-19T13:32:52","guid":{"rendered":"https:\/\/pwent.lionstackailab.hu\/?post_type=product&#038;p=277"},"modified":"2026-03-19T13:32:55","modified_gmt":"2026-03-19T13:32:55","slug":"el60-elektromos-szelepelo-gep","status":"publish","type":"product","link":"https:\/\/pwent.lionstackailab.hu\/de\/termek\/el60-elektromos-szelepelo-gep\/","title":{"rendered":"EL60 elektromos szelepel\u0151 g\u00e9p"},"content":{"rendered":"<p>Szelepel\u0151 g\u00e9p t\u00f6bbf\u00e9le kivitelben t\u00f6bbf\u00e9le felszerelts\u00e9gben. \u00a0G\u00e1zpalack \u00e1tm\u00e9r\u0151: 80-320 mm, hossz: 400-1650 (1800) mm, nyomat\u00e9k: 80-400 Nm. Van \u00a0standard+ robban\u00e1sbiztos verzi\u00f3 is.\u00a0Az EL60 g\u00e9ppel szelepek g\u00e1zpalackokba t\u00f6rt\u00e9n\u0151 illeszt\u00e9s\u00e9t valamint szelepek g\u00e1zpalackokb\u00f3l t\u00f6rt\u00e9n\u0151 kiteker\u00e9s\u00e9t lehet elv\u00e9gezni. A g\u00e9pnek l\u00e9tezik standard \u00e9s ATEX (robban\u00e1sbiztos) k\u00f6rnyezetben is haszn\u00e1lhat\u00f3 v\u00e1ltozata. A standard v\u00e1ltozat haszn\u00e1lhat\u00f3 inert, cseppfoly\u00f3s g\u00e1zokhoz, oxig\u00e9nhez, m\u00edg az ATEX v\u00e1ltozat alkalmas robban\u00e1svesz\u00e9lyes k\u00f6rnyezetben t\u00f6rt\u00e9n\u0151 haszn\u00e1latra is.\u00a0A g\u00e9p k\u00e9t f\u0151 egys\u00e9gb\u0151l &#8211; als\u00f3 \u00e9s fels\u0151 &#8211; ker\u00fcl \u00f6ssze\u00e9p\u00edt\u00e9sre. A fels\u0151 r\u00e9sz egy motor sebess\u00e9get cs\u00f6kkent\u0151 v\u00e1lt\u00f3b\u00f3l, egy \u00e1ll\u00edthat\u00f3 magass\u00e1g\u00fa tengelyb\u0151l \u00e9s szelepfog\u00f3 fejb\u0151l \u00e9s egy nyomat\u00e9kellen\u0151rz\u0151 egys\u00e9gb\u0151l \u00e1ll. Az als\u00f3 r\u00e9sz egy pneumatikus satub\u00f3l \u00e1ll, amely beszor\u00edtja a palackot a szelepel\u00e9si m\u0171veletek alatt, s itt tal\u00e1lhat\u00f3ak a vez\u00e9rl\u0151 egys\u00e9gek is. Annak \u00e9rdek\u00e9ben hogy a kezel\u0151 biztons\u00e1gban legyen a beszelepel\u00e9sn\u00e9l \u00e9s kiszelepel\u00e9sn\u00e9l, lehet\u0151s\u00e9g van v\u00e9d\u0151ajt\u00f3 rendel\u00e9s\u00e9re \u00e9s be\u00e9p\u00edt\u00e9s\u00e9re is<\/p>\n<h3>El\u00e9rhet\u0151 kivitelek<\/h3>\n<p><strong>EL60 (MZSE001)<\/strong> &#8211; falra szerelhet\u0151, \u00e1llv\u00e1ny \u00e9s v\u00e9d\u0151ajt\u00f3 n\u00e9lk\u00fcl, mechanikus nyomat\u00e9k\u00e1ll\u00edt\u00e1ssal<\/p>\n<p><strong>EL60+ELBA+ELPA-HY (MZSE001-020)<\/strong> &#8211;\u00a0 \u00e1lv\u00e1nnyal (ELBA), massz\u00edv v\u00e9d\u0151ajt\u00f3val (ELPA-HY), mechanikus nyomat\u00e9k\u00e1ll\u00edt\u00e1ssal &#8211; kiszelepel\u00e9si \u00e1llom\u00e1sokhoz aj\u00e1nljuk<\/p>\n<p><strong>EL60+ELBA+ELPA (MZSE001-030)<\/strong> &#8211; \u00e1lv\u00e1nnyal (ELBA), standard v\u00e9d\u0151ajt\u00f3val (ELPA), mechanikus nyomat\u00e9k\u00e1ll\u00edt\u00e1ssal<\/p>\n<p><strong>EL60+ELBA+ELPA-ELEC (MZSE001-024)<\/strong> &#8211;\u00a0 \u00e1lv\u00e1nnyal (ELBA), standard v\u00e9d\u0151ajt\u00f3val (ELPA), <strong>elektronikus<\/strong>\u00a0nyomat\u00e9k\u00e1ll\u00edt\u00e1ssal<\/p>\n<p><strong>EL60+ELBA+ELPA-HY-ELEC (MZSE001-025)<\/strong> &#8211;\u00a0 \u00e1lv\u00e1nnyal (ELBA), massz\u00edv\u00a0v\u00e9d\u0151ajt\u00f3val (ELPA-HY), <strong>elektronikus<\/strong>\u00a0nyomat\u00e9k\u00e1ll\u00edt\u00e1ssal<\/p>\n<p>&nbsp;<\/p>\n<hr \/>\n<p>&nbsp;<\/p>\n<p>Let\u00f6lthet\u0151 anyagok<\/p>\n<ul>\n<li><a href=\"https:\/\/pwent.eu\/wp-content\/uploads\/2016\/04\/EL60_valving_devalving.pdf\" rel=\"\">EL60_szelepel\u0151 g\u00e9p<\/a><\/li>\n<\/ul>\n<p>&nbsp;<\/p>","protected":false},"excerpt":{"rendered":"<p>Szelepel\u0151 g\u00e9p t\u00f6bbf\u00e9le kivitelben t\u00f6bbf\u00e9le felszerelts\u00e9gben. \u00a0G\u00e1zpalack \u00e1tm\u00e9r\u0151: 80-320 mm, hossz: 400-1650 (1800) mm, nyomat\u00e9k: 80-400 Nm.<\/p>","protected":false},"featured_media":305,"template":"","meta":[],"product_brand":[],"product_cat":[32,33,34],"product_tag":[35],"class_list":{"0":"post-277","1":"product","2":"type-product","3":"status-publish","4":"has-post-thumbnail","6":"product_cat-gazpalack-nyomasproba-es-felujitas","7":"product_cat-muhely-szendioxiddal-olto-keszulekhez","8":"product_cat-szelepszereles","9":"product_tag-szelepeles","11":"first","12":"instock","13":"featured","14":"shipping-taxable","15":"purchasable","16":"product-type-simple"},"_links":{"self":[{"href":"https:\/\/pwent.lionstackailab.hu\/de\/wp-json\/wp\/v2\/product\/277","targetHints":{"allow":["GET"]}}],"collection":[{"href":"https:\/\/pwent.lionstackailab.hu\/de\/wp-json\/wp\/v2\/product"}],"about":[{"href":"https:\/\/pwent.lionstackailab.hu\/de\/wp-json\/wp\/v2\/types\/product"}],"wp:featuredmedia":[{"embeddable":true,"href":"https:\/\/pwent.lionstackailab.hu\/de\/wp-json\/wp\/v2\/media\/305"}],"wp:attachment":[{"href":"https:\/\/pwent.lionstackailab.hu\/de\/wp-json\/wp\/v2\/media?parent=277"}],"wp:term":[{"taxonomy":"product_brand","embeddable":true,"href":"https:\/\/pwent.lionstackailab.hu\/de\/wp-json\/wp\/v2\/product_brand?post=277"},{"taxonomy":"product_cat","embeddable":true,"href":"https:\/\/pwent.lionstackailab.hu\/de\/wp-json\/wp\/v2\/product_cat?post=277"},{"taxonomy":"product_tag","embeddable":true,"href":"https:\/\/pwent.lionstackailab.hu\/de\/wp-json\/wp\/v2\/product_tag?post=277"}],"curies":[{"name":"wp","href":"https:\/\/api.w.org\/{rel}","templated":true}]}}